{"id":2468,"date":"2019-01-15T17:47:48","date_gmt":"2019-01-15T16:47:48","guid":{"rendered":"http:\/\/www.streaty.com\/about-us\/"},"modified":"2021-12-06T17:01:13","modified_gmt":"2021-12-06T16:01:13","slug":"chi-siamo","status":"publish","type":"page","link":"https:\/\/staging.streaty.com\/it\/chi-siamo\/","title":{"rendered":"Chi siamo"},"content":{"rendered":"<h4>Scopri l&#8217;Italia senza filtri con la tua guida locale<\/h4>\n<p>Streaty Tours Srls \u00e8 un tour operator italiano con base a Palermo. Il marchio \u00e8 nato proprio in Sicilia da un&#8217;idea di Marco Romeo, ideatore anche del Passaporto del Mangione. Sul modello del tour di successo palermitano, sono nati gli itinerari di Catania, Napoli, Venezia e Firenze. Oggi, sotto il marchio Streaty lavora con passione un<strong> gruppo di giovani guide turistiche italiane regolarmente abilitate alla professione.<\/strong><br \/>In qualit\u00e0 di guide Streaty, <strong>abbiamo l\u2019impegno morale e professionale di mostrare ai viaggiatori il vero volto della nostra cultura urbana senza filtri di alcun genere.<\/strong> Riteniamo che il cibo di strada rappresenti il cuore pulsante della nostra cultura urbana, una vera e propria attrazione turistica in grado di raccontare passato e presente delle nostre citt\u00e0. Abbiamo ideato il concetto di\u00a0TuristAmico. <strong>Consideriamo i nostri clienti, non come semplici forestieri a cui spillare soldi, ma piuttosto come amici in visita con cui condividere dei momenti di giovialit\u00e0<\/strong>. Trasparenza e professionalit\u00e0 sono i valori-guida del nostro mestiere.<\/p>\n\n\n<div class=\"wp-block-columns has-2-columns is-layout-flex wp-container-core-columns-is-layout-9d6595d7 wp-block-columns-is-layout-flex\">\n<div class=\"wp-block-column is-layout-flow wp-block-column-is-layout-flow\">\n<div class=\"wp-block-columns has-2-columns is-layout-flex wp-container-core-columns-is-layout-9d6595d7 wp-block-columns-is-layout-flex\">\n<div class=\"wp-block-column is-layout-flow wp-block-column-is-layout-flow\">\n<figure class=\"wp-block-image size-full\"><img loading=\"lazy\" decoding=\"async\" width=\"500\" height=\"333\" src=\"https:\/\/streaty.com\/wp-content\/uploads\/2021\/11\/marco-sito2.png\" alt=\"\" class=\"wp-image-7332\" srcset=\"https:\/\/staging.streaty.com\/wp-content\/uploads\/2021\/11\/marco-sito2.png 500w, https:\/\/staging.streaty.com\/wp-content\/uploads\/2021\/11\/marco-sito2-300x200.png 300w, https:\/\/staging.streaty.com\/wp-content\/uploads\/2021\/11\/marco-sito2-100x67.png 100w\" sizes=\"auto, (max-width: 500px) 100vw, 500px\" \/><\/figure>\n\n\n\n<p class=\"has-text-align-left\"><strong><em>Guida di Palermo e titolare del T.O.<\/em><\/strong><\/p>\n\n\n\n<p class=\"has-text-color\" style=\"color:#f49e44\"><strong>MARCO<\/strong><\/p>\n\n\n\n<p>Ciao, mi chiamo Marco Romeo, Palermitano e guida Turistica abilitata. Sono l\u2019ideatore e proprietario del marchio Streaty. Nel 2013 ho deciso di archiviare tutti gli inutili titoli di studio e formazione ed avviare la mia attivit\u00e0 turistica combinando le mie due grandi passioni: viaggiare e mangiare. <\/p>\n<\/div>\n\n\n\n<div class=\"wp-block-column is-layout-flow wp-block-column-is-layout-flow\">\n<figure class=\"wp-block-image\"><img loading=\"lazy\" decoding=\"async\" width=\"500\" height=\"333\" src=\"https:\/\/streaty.com\/wp-content\/uploads\/2019\/02\/guida_glenda.jpg\" alt=\"\" class=\"wp-image-2311\" srcset=\"https:\/\/staging.streaty.com\/wp-content\/uploads\/2019\/02\/guida_glenda.jpg 500w, https:\/\/staging.streaty.com\/wp-content\/uploads\/2019\/02\/guida_glenda-300x200.jpg 300w, https:\/\/staging.streaty.com\/wp-content\/uploads\/2019\/02\/guida_glenda-100x67.jpg 100w\" sizes=\"auto, (max-width: 500px) 100vw, 500px\" \/><\/figure>\n\n\n\n<p><strong><em>Socia e Tour Leader<\/em><\/strong><\/p>\n\n\n\n<p class=\"has-text-color\" style=\"color:#f49e44\"><strong>GLENDA<\/strong><\/p>\n\n\n\n<p>Ciao, mi chiamo Glenda e sono Veneta, di Bassano del Grappa. Sono laureata in lingue straniere e abilitata come accompagnatrice turistica per la lingua inglese e spagnola. Adoro sciare e fare lunghe camminate all\u2019aperto, ma ho un problema di dipendenza da\u2026rock\u2019n roll!<\/p>\n<\/div>\n<\/div>\n<\/div>\n\n\n\n<div class=\"wp-block-column is-layout-flow wp-block-column-is-layout-flow\">\n<div class=\"wp-block-columns has-2-columns is-layout-flex wp-container-core-columns-is-layout-9d6595d7 wp-block-columns-is-layout-flex\">\n<div class=\"wp-block-column is-layout-flow wp-block-column-is-layout-flow\">\n<figure class=\"wp-block-image\"><img loading=\"lazy\" decoding=\"async\" width=\"500\" height=\"333\" src=\"https:\/\/streaty.com\/wp-content\/uploads\/2019\/02\/guida_agata.jpg\" alt=\"\" class=\"wp-image-2314\" srcset=\"https:\/\/staging.streaty.com\/wp-content\/uploads\/2019\/02\/guida_agata.jpg 500w, https:\/\/staging.streaty.com\/wp-content\/uploads\/2019\/02\/guida_agata-300x200.jpg 300w, https:\/\/staging.streaty.com\/wp-content\/uploads\/2019\/02\/guida_agata-100x67.jpg 100w\" sizes=\"auto, (max-width: 500px) 100vw, 500px\" \/><\/figure>\n\n\n\n<p> <strong><em>Guida di&nbsp;Catania<\/em><\/strong> <\/p>\n\n\n\n<p class=\"has-text-color\" style=\"color:#f49e44\"><strong>AGATA<\/strong><\/p>\n\n\n\n<p>Ciao! sono Agata, tipico catanese, e infatti, di Catania sono! Ho viaggiato in lungo e in largo col mio fidato trolley rosso carico di pistacchi destinati ai miei amici stranieri! Sono una guida turistica abilitata per la lingua inglese e spagnola. Non vedo l&#8217;ora di viziare i vostri pancini tra i vicoli della mia bella Catania!<\/p>\n<\/div>\n\n\n\n<div class=\"wp-block-column is-layout-flow wp-block-column-is-layout-flow\">\n<figure class=\"wp-block-image\"><img loading=\"lazy\" decoding=\"async\" width=\"500\" height=\"333\" src=\"https:\/\/streaty.com\/wp-content\/uploads\/2019\/02\/guida_angelo.jpg\" alt=\"\" class=\"wp-image-2316\" srcset=\"https:\/\/staging.streaty.com\/wp-content\/uploads\/2019\/02\/guida_angelo.jpg 500w, https:\/\/staging.streaty.com\/wp-content\/uploads\/2019\/02\/guida_angelo-300x200.jpg 300w, https:\/\/staging.streaty.com\/wp-content\/uploads\/2019\/02\/guida_angelo-100x67.jpg 100w\" sizes=\"auto, (max-width: 500px) 100vw, 500px\" \/><\/figure>\n\n\n\n<p><strong><em>Guida di Palermo<\/em><\/strong><\/p>\n\n\n\n<p class=\"has-text-color\" style=\"color:#f49e44\"><strong>ANGELO<\/strong><\/p>\n\n\n\n<p>Ciao, mi chiamo Angelo e sono made in Sicily. La mia famiglia \u00e8 originaria di Sant&#8217;Angelo Muxaro, un piccolo paese dell&#8217;entroterra siciliano. Sono cresciuto a Palermo ma ho vissuto parecchi anni in Inghilterra, dove ho lavorato come psicologo e dove \u00e8 esploso il mio amore per la musica punk!<\/p>\n<\/div>\n<\/div>\n<\/div>\n<\/div>\n\n\n\n<div class=\"wp-block-columns has-2-columns is-layout-flex wp-container-core-columns-is-layout-9d6595d7 wp-block-columns-is-layout-flex\">\n<div class=\"wp-block-column is-layout-flow wp-block-column-is-layout-flow\">\n<div class=\"wp-block-columns has-2-columns is-layout-flex wp-container-core-columns-is-layout-9d6595d7 wp-block-columns-is-layout-flex\">\n<div class=\"wp-block-column is-layout-flow wp-block-column-is-layout-flow\">\n<figure class=\"wp-block-image\"><img loading=\"lazy\" decoding=\"async\" width=\"500\" height=\"333\" src=\"https:\/\/streaty.com\/wp-content\/uploads\/2019\/02\/guida_nadia.jpg\" alt=\"\" class=\"wp-image-2342\" srcset=\"https:\/\/staging.streaty.com\/wp-content\/uploads\/2019\/02\/guida_nadia.jpg 500w, https:\/\/staging.streaty.com\/wp-content\/uploads\/2019\/02\/guida_nadia-300x200.jpg 300w, https:\/\/staging.streaty.com\/wp-content\/uploads\/2019\/02\/guida_nadia-100x67.jpg 100w\" sizes=\"auto, (max-width: 500px) 100vw, 500px\" \/><\/figure>\n\n\n\n<p> <strong><em>Guida di Palermo<\/em><\/strong> <\/p>\n\n\n\n<p class=\"has-text-color\" style=\"color:#f49e44\"><strong>NAIDA<\/strong><\/p>\n\n\n\n<p>Ciao, mi chiamo Naida ho 38 anni, sono nata e cresciuta all&#8217;ombra del Monte Pellegrino (Palermo). Sono laureata in Storia dell\u2019Arte ma la cosa che pi\u00f9 vi interesser\u00e0 sapere \u00e8 che sono una fanatica dei mercati! Sono abilitata come guida turistica per la lingua spagnola e inglese. Adoro le arancine!<\/p>\n<\/div>\n\n\n\n<div class=\"wp-block-column is-layout-flow wp-block-column-is-layout-flow\">\n<figure class=\"wp-block-image size-full\"><img loading=\"lazy\" decoding=\"async\" width=\"500\" height=\"333\" src=\"https:\/\/streaty.com\/wp-content\/uploads\/2021\/11\/davide-sito-2-1.png\" alt=\"\" class=\"wp-image-7341\" srcset=\"https:\/\/staging.streaty.com\/wp-content\/uploads\/2021\/11\/davide-sito-2-1.png 500w, https:\/\/staging.streaty.com\/wp-content\/uploads\/2021\/11\/davide-sito-2-1-300x200.png 300w, https:\/\/staging.streaty.com\/wp-content\/uploads\/2021\/11\/davide-sito-2-1-100x67.png 100w\" sizes=\"auto, (max-width: 500px) 100vw, 500px\" \/><\/figure>\n\n\n\n<p> <strong><em>Guida di&nbsp;Napoli<\/em><\/strong><\/p>\n\n\n\n<p class=\"has-text-color\" style=\"color:#f49e44\"><strong>AURELIANO<\/strong><\/p>\n\n\n\n<p>Ciao a tutti! sono Davide, campano DOCG. Sono accompagnatore turistico per la lingua inglese. Appassionato di viaggi e cucina napoletana. Non vedo l&#8217;ora di conoscervi e portarvi a spasso fuori dalla vostra comfort zone. Amo le vibrazioni delle strade di Napoli e non vedo l&#8217;ora di viverle con voi.<\/p>\n<\/div>\n<\/div>\n<\/div>\n\n\n\n<div class=\"wp-block-column is-layout-flow wp-block-column-is-layout-flow\">\n<div class=\"wp-block-columns has-2-columns is-layout-flex wp-container-core-columns-is-layout-9d6595d7 wp-block-columns-is-layout-flex\">\n<div class=\"wp-block-column is-layout-flow wp-block-column-is-layout-flow\">\n<figure class=\"wp-block-image\"><img loading=\"lazy\" decoding=\"async\" width=\"500\" height=\"333\" src=\"https:\/\/streaty.com\/wp-content\/uploads\/2019\/02\/foto-profilo-salvo.jpg\" alt=\"\" class=\"wp-image-2605\" srcset=\"https:\/\/staging.streaty.com\/wp-content\/uploads\/2019\/02\/foto-profilo-salvo.jpg 500w, https:\/\/staging.streaty.com\/wp-content\/uploads\/2019\/02\/foto-profilo-salvo-300x200.jpg 300w, https:\/\/staging.streaty.com\/wp-content\/uploads\/2019\/02\/foto-profilo-salvo-100x67.jpg 100w\" sizes=\"auto, (max-width: 500px) 100vw, 500px\" \/><\/figure>\n\n\n\n<p> <strong><em>Guida di Palermo<\/em><\/strong> <\/p>\n\n\n\n<p class=\"has-text-color\" style=\"color:#f49e44\"><strong>SALVO<\/strong><\/p>\n\n\n\n<p>Ciao, mi chiamo Salvo, nato e cresciuto nel borgo marinaro di Sferracavallo (Palermo). Ho studiato storia dell&#8217;arte e sono abilitato come guida turistica per la lingua inglese. Adoro praticare sport a contatto con la natura, immersioni e arrampicate su tutti! Dimenticavo\u2026mi piace tanto mangiare e bere!<\/p>\n<\/div>\n\n\n\n<div class=\"wp-block-column is-layout-flow wp-block-column-is-layout-flow\">\n<figure class=\"wp-block-image\"><img loading=\"lazy\" decoding=\"async\" width=\"500\" height=\"333\" src=\"https:\/\/streaty.com\/wp-content\/uploads\/2019\/02\/Raffaella-PA.jpg\" alt=\"\" class=\"wp-image-2538\" srcset=\"https:\/\/staging.streaty.com\/wp-content\/uploads\/2019\/02\/Raffaella-PA.jpg 500w, https:\/\/staging.streaty.com\/wp-content\/uploads\/2019\/02\/Raffaella-PA-300x200.jpg 300w, https:\/\/staging.streaty.com\/wp-content\/uploads\/2019\/02\/Raffaella-PA-100x67.jpg 100w\" sizes=\"auto, (max-width: 500px) 100vw, 500px\" \/><\/figure>\n\n\n\n<p> <strong><em>Guida di Palermo<\/em><\/strong> <\/p>\n\n\n\n<p class=\"has-text-color\" style=\"color:#f49e44\"><strong>RAFFAELLA<\/strong><\/p>\n\n\n\n<p>Ciao mangioni! Sono Raffaella, di sangue palermitano. Ho studiato lingue straniere all&#8217;Universit\u00e0 di Palermo. Viaggio ogni volta che posso. Prediligo mete di mare\u2026non mi sorprenderei se un giorno scoprissi che nella vita precedente ero una sirena! Anche perch\u00e8 son ghiotta di pesci!<\/p>\n<\/div>\n<\/div>\n<\/div>\n<\/div>\n\n\n\n<div class=\"wp-block-columns has-2-columns is-layout-flex wp-container-core-columns-is-layout-9d6595d7 wp-block-columns-is-layout-flex\">\n<div class=\"wp-block-column is-layout-flow wp-block-column-is-layout-flow\">\n<div class=\"wp-block-columns has-2-columns is-layout-flex wp-container-core-columns-is-layout-9d6595d7 wp-block-columns-is-layout-flex\">\n<div class=\"wp-block-column is-layout-flow wp-block-column-is-layout-flow\">\n<figure class=\"wp-block-image\"><img loading=\"lazy\" decoding=\"async\" width=\"500\" height=\"333\" src=\"https:\/\/streaty.com\/wp-content\/uploads\/2019\/02\/Alice-FI.jpg\" alt=\"\" class=\"wp-image-2542\" srcset=\"https:\/\/staging.streaty.com\/wp-content\/uploads\/2019\/02\/Alice-FI.jpg 500w, https:\/\/staging.streaty.com\/wp-content\/uploads\/2019\/02\/Alice-FI-300x200.jpg 300w, https:\/\/staging.streaty.com\/wp-content\/uploads\/2019\/02\/Alice-FI-100x67.jpg 100w\" sizes=\"auto, (max-width: 500px) 100vw, 500px\" \/><\/figure>\n\n\n\n<p> <strong><em>Guida di Firenze<\/em><\/strong><\/p>\n\n\n\n<p class=\"has-text-color\" style=\"color:#f49e44\"><strong>ALICE<\/strong><\/p>\n\n\n\n<p>Ciao, piacere di conoscervi! Sono Alice, guida fiorentina abilitata per la lingua inglese e spagnola. Il pi\u00f9 grande bene che ho ereditato da mia nonna \u00e8 la passione per la cucina. Non vado da nessuna parte senza musica all&#8217;orecchio. Il mio habitat naturale sono i mercati popolari!<\/p>\n<\/div>\n\n\n\n<div class=\"wp-block-column is-layout-flow wp-block-column-is-layout-flow\">\n<figure class=\"wp-block-image\"><img loading=\"lazy\" decoding=\"async\" width=\"500\" height=\"333\" src=\"https:\/\/streaty.com\/wp-content\/uploads\/2019\/02\/annachiara-2-1.jpg\" alt=\"\" class=\"wp-image-2548\" srcset=\"https:\/\/staging.streaty.com\/wp-content\/uploads\/2019\/02\/annachiara-2-1.jpg 500w, https:\/\/staging.streaty.com\/wp-content\/uploads\/2019\/02\/annachiara-2-1-300x200.jpg 300w, https:\/\/staging.streaty.com\/wp-content\/uploads\/2019\/02\/annachiara-2-1-100x67.jpg 100w\" sizes=\"auto, (max-width: 500px) 100vw, 500px\" \/><\/figure>\n\n\n\n<p><strong><em>Guida di Venezia<\/em><\/strong><\/p>\n\n\n\n<p class=\"has-text-color\" style=\"color:#f49e44\"><strong>ANNACHIARA<\/strong> <br><\/p>\n\n\n\n<p>E io sono Annachiara, originaria di Torino ma adottata da Venezia per gli studi universitari. Dicono che sono un po&#8217; pazzerella, e io lo prendo come un complimento. Mi piace tanto bere e mangiare in compagnia, e vi avverto: parlo tanto! Non vedo l&#8217;ora di portarvi in giro per i miei bacari preferiti!<\/p>\n<\/div>\n<\/div>\n<\/div>\n\n\n\n<div class=\"wp-block-column is-layout-flow wp-block-column-is-layout-flow\">\n<div class=\"wp-block-columns has-2-columns is-layout-flex wp-container-core-columns-is-layout-9d6595d7 wp-block-columns-is-layout-flex\">\n<div class=\"wp-block-column is-layout-flow wp-block-column-is-layout-flow\">\n<figure class=\"wp-block-image\"><img loading=\"lazy\" decoding=\"async\" width=\"500\" height=\"333\" src=\"https:\/\/streaty.com\/wp-content\/uploads\/2019\/02\/federico-VE.jpg\" alt=\"\" class=\"wp-image-2554\" srcset=\"https:\/\/staging.streaty.com\/wp-content\/uploads\/2019\/02\/federico-VE.jpg 500w, https:\/\/staging.streaty.com\/wp-content\/uploads\/2019\/02\/federico-VE-300x200.jpg 300w, https:\/\/staging.streaty.com\/wp-content\/uploads\/2019\/02\/federico-VE-100x67.jpg 100w\" sizes=\"auto, (max-width: 500px) 100vw, 500px\" \/><\/figure>\n\n\n\n<p> <strong><em>Guida di&nbsp;Venezia<\/em><\/strong><\/p>\n\n\n\n<p class=\"has-text-color\" style=\"color:#f49e44\"><strong>FEDERICO<\/strong><\/p>\n\n\n\n<p>Federico \u00e8 il mio nome, Veneto il mio sangue. Sono guida turistica abilitata per la lingua inglese. Per me condurre i tour di Streaty non \u00e8 affatto un lavoro, questo perch\u00e8 vi porto negli stessi bacari che frequento con gli amici, quindi, \u00e8 solo un piacere! Selezione le mie mete di viaggi in base a due criteri: natura e cucina.<\/p>\n<\/div>\n\n\n\n<div class=\"wp-block-column is-layout-flow wp-block-column-is-layout-flow\">\n<div class=\"wp-block-image\"><figure class=\"alignleft\"><img loading=\"lazy\" decoding=\"async\" width=\"500\" height=\"333\" src=\"https:\/\/streaty.com\/wp-content\/uploads\/2021\/11\/Alessio-sito-1.png\" alt=\"\" class=\"wp-image-7339\" srcset=\"https:\/\/staging.streaty.com\/wp-content\/uploads\/2021\/11\/Alessio-sito-1.png 500w, https:\/\/staging.streaty.com\/wp-content\/uploads\/2021\/11\/Alessio-sito-1-300x200.png 300w, https:\/\/staging.streaty.com\/wp-content\/uploads\/2021\/11\/Alessio-sito-1-100x67.png 100w\" sizes=\"auto, (max-width: 500px) 100vw, 500px\" \/><\/figure><\/div>\n\n\n\n<p> <strong><em>Guida di<\/em><\/strong> Napoli <\/p>\n\n\n\n<p class=\"has-text-color\" style=\"color:#f49e44\"><strong>ALESSIO<\/strong><\/p>\n\n\n\n<p>Ciao a tutti! Mi chiamo Alessio, orgogliosamente napoletano. Sono guida turistica ufficiale per la lingua inglese e figlio di guida turistica. Adoro questo lavoro perch\u00e8 mi permette di conoscere gente da tutto il mondo da cui imparare cose nuove.<br>La mia debolezza in tavola? le frattaglie! Non vedo l&#8217;ora di offrirvi <em>o pere e o&#8217; musso!<\/em><\/p>\n\n\n\n<p><br><\/p>\n<\/div>\n<\/div>\n<\/div>\n<\/div>\n","protected":false},"excerpt":{"rendered":"<p>Scopri l&#8217;Italia senza filtri con la tua guida locale Streaty Tours Srls \u00e8 un tour operator italiano con base a Palermo. Il marchio \u00e8 nato proprio in Sicilia da un&#8217;idea di Marco Romeo, ideatore anche del Passaporto del Mangione. Sul modello del tour di successo palermitano, sono nati gli itinerari di Catania, Napoli, Venezia e [&hellip;]<\/p>\n","protected":false},"author":3,"featured_media":2466,"parent":0,"menu_order":0,"comment_status":"closed","ping_status":"closed","template":"","meta":{"footnotes":""},"class_list":["post-2468","page","type-page","status-publish","has-post-thumbnail","hentry"],"featured_image_src":"https:\/\/staging.streaty.com\/wp-content\/uploads\/2019\/02\/guide.jpg","yoast_head":"<!-- This site is optimized with the Yoast SEO plugin v27.3 - https:\/\/yoast.com\/product\/yoast-seo-wordpress\/ -->\n<title>Chi siamo - Streaty<\/title>\n<meta name=\"description\" content=\"Conosci le nostre guide Streaty! Giovani guide professioniste pronte a portarti in giro per l&#039;Italia alla scoperta dei migliori luoghi di street food!\" \/>\n<meta name=\"robots\" content=\"noindex, follow, max-snippet:-1, max-image-preview:large, max-video-preview:-1\" \/>\n<meta property=\"og:locale\" content=\"it_IT\" \/>\n<meta property=\"og:type\" content=\"article\" \/>\n<meta property=\"og:title\" content=\"Chi siamo - Streaty\" \/>\n<meta property=\"og:description\" content=\"Conosci le nostre guide Streaty! Giovani guide professioniste pronte a portarti in giro per l&#039;Italia alla scoperta dei migliori luoghi di street food!\" \/>\n<meta property=\"og:url\" content=\"https:\/\/staging.streaty.com\/about-us\/\" \/>\n<meta property=\"og:site_name\" content=\"Streaty\" \/>\n<meta property=\"article:publisher\" content=\"https:\/\/www.facebook.com\/streatytours\/\" \/>\n<meta property=\"article:modified_time\" content=\"2021-12-06T16:01:13+00:00\" \/>\n<meta property=\"og:image\" content=\"https:\/\/staging.streaty.com\/wp-content\/uploads\/2019\/02\/guide.jpg\" \/>\n\t<meta property=\"og:image:width\" content=\"1920\" \/>\n\t<meta property=\"og:image:height\" content=\"450\" \/>\n\t<meta property=\"og:image:type\" content=\"image\/jpeg\" \/>\n<meta name=\"twitter:card\" content=\"summary_large_image\" \/>\n<script type=\"application\/ld+json\" class=\"yoast-schema-graph\">{\"@context\":\"https:\\\/\\\/schema.org\",\"@graph\":[{\"@type\":\"WebPage\",\"@id\":\"https:\\\/\\\/staging.streaty.com\\\/about-us\\\/\",\"url\":\"https:\\\/\\\/staging.streaty.com\\\/about-us\\\/\",\"name\":\"Chi siamo - Streaty\",\"isPartOf\":{\"@id\":\"https:\\\/\\\/staging.streaty.com\\\/#website\"},\"primaryImageOfPage\":{\"@id\":\"https:\\\/\\\/staging.streaty.com\\\/about-us\\\/#primaryimage\"},\"image\":{\"@id\":\"https:\\\/\\\/staging.streaty.com\\\/about-us\\\/#primaryimage\"},\"thumbnailUrl\":\"https:\\\/\\\/staging.streaty.com\\\/wp-content\\\/uploads\\\/2019\\\/02\\\/guide.jpg\",\"datePublished\":\"2019-01-15T16:47:48+00:00\",\"dateModified\":\"2021-12-06T16:01:13+00:00\",\"description\":\"Conosci le nostre guide Streaty! Giovani guide professioniste pronte a portarti in giro per l'Italia alla scoperta dei migliori luoghi di street food!\",\"inLanguage\":\"it-IT\",\"potentialAction\":[{\"@type\":\"ReadAction\",\"target\":[\"https:\\\/\\\/staging.streaty.com\\\/about-us\\\/\"]}]},{\"@type\":\"ImageObject\",\"inLanguage\":\"it-IT\",\"@id\":\"https:\\\/\\\/staging.streaty.com\\\/about-us\\\/#primaryimage\",\"url\":\"https:\\\/\\\/staging.streaty.com\\\/wp-content\\\/uploads\\\/2019\\\/02\\\/guide.jpg\",\"contentUrl\":\"https:\\\/\\\/staging.streaty.com\\\/wp-content\\\/uploads\\\/2019\\\/02\\\/guide.jpg\",\"width\":1920,\"height\":450},{\"@type\":\"WebSite\",\"@id\":\"https:\\\/\\\/staging.streaty.com\\\/#website\",\"url\":\"https:\\\/\\\/staging.streaty.com\\\/\",\"name\":\"Streaty\",\"description\":\"\",\"publisher\":{\"@id\":\"https:\\\/\\\/staging.streaty.com\\\/#organization\"},\"potentialAction\":[{\"@type\":\"SearchAction\",\"target\":{\"@type\":\"EntryPoint\",\"urlTemplate\":\"https:\\\/\\\/staging.streaty.com\\\/?s={search_term_string}\"},\"query-input\":{\"@type\":\"PropertyValueSpecification\",\"valueRequired\":true,\"valueName\":\"search_term_string\"}}],\"inLanguage\":\"it-IT\"},{\"@type\":\"Organization\",\"@id\":\"https:\\\/\\\/staging.streaty.com\\\/#organization\",\"name\":\"Streaty\",\"url\":\"https:\\\/\\\/staging.streaty.com\\\/\",\"logo\":{\"@type\":\"ImageObject\",\"inLanguage\":\"it-IT\",\"@id\":\"https:\\\/\\\/staging.streaty.com\\\/#\\\/schema\\\/logo\\\/image\\\/\",\"url\":\"https:\\\/\\\/streaty.com\\\/wp-content\\\/uploads\\\/2022\\\/08\\\/streaty.jpg\",\"contentUrl\":\"https:\\\/\\\/streaty.com\\\/wp-content\\\/uploads\\\/2022\\\/08\\\/streaty.jpg\",\"width\":564,\"height\":481,\"caption\":\"Streaty\"},\"image\":{\"@id\":\"https:\\\/\\\/staging.streaty.com\\\/#\\\/schema\\\/logo\\\/image\\\/\"},\"sameAs\":[\"https:\\\/\\\/www.facebook.com\\\/streatytours\\\/\",\"https:\\\/\\\/www.instagram.com\\\/streatytours\\\/\"]}]}<\/script>\n<!-- \/ Yoast SEO plugin. -->","yoast_head_json":{"title":"Chi siamo - Streaty","description":"Conosci le nostre guide Streaty! Giovani guide professioniste pronte a portarti in giro per l'Italia alla scoperta dei migliori luoghi di street food!","robots":{"index":"noindex","follow":"follow","max-snippet":"max-snippet:-1","max-image-preview":"max-image-preview:large","max-video-preview":"max-video-preview:-1"},"og_locale":"it_IT","og_type":"article","og_title":"Chi siamo - Streaty","og_description":"Conosci le nostre guide Streaty! Giovani guide professioniste pronte a portarti in giro per l'Italia alla scoperta dei migliori luoghi di street food!","og_url":"https:\/\/staging.streaty.com\/about-us\/","og_site_name":"Streaty","article_publisher":"https:\/\/www.facebook.com\/streatytours\/","article_modified_time":"2021-12-06T16:01:13+00:00","og_image":[{"width":1920,"height":450,"url":"https:\/\/staging.streaty.com\/wp-content\/uploads\/2019\/02\/guide.jpg","type":"image\/jpeg"}],"twitter_card":"summary_large_image","schema":{"@context":"https:\/\/schema.org","@graph":[{"@type":"WebPage","@id":"https:\/\/staging.streaty.com\/about-us\/","url":"https:\/\/staging.streaty.com\/about-us\/","name":"Chi siamo - Streaty","isPartOf":{"@id":"https:\/\/staging.streaty.com\/#website"},"primaryImageOfPage":{"@id":"https:\/\/staging.streaty.com\/about-us\/#primaryimage"},"image":{"@id":"https:\/\/staging.streaty.com\/about-us\/#primaryimage"},"thumbnailUrl":"https:\/\/staging.streaty.com\/wp-content\/uploads\/2019\/02\/guide.jpg","datePublished":"2019-01-15T16:47:48+00:00","dateModified":"2021-12-06T16:01:13+00:00","description":"Conosci le nostre guide Streaty! Giovani guide professioniste pronte a portarti in giro per l'Italia alla scoperta dei migliori luoghi di street food!","inLanguage":"it-IT","potentialAction":[{"@type":"ReadAction","target":["https:\/\/staging.streaty.com\/about-us\/"]}]},{"@type":"ImageObject","inLanguage":"it-IT","@id":"https:\/\/staging.streaty.com\/about-us\/#primaryimage","url":"https:\/\/staging.streaty.com\/wp-content\/uploads\/2019\/02\/guide.jpg","contentUrl":"https:\/\/staging.streaty.com\/wp-content\/uploads\/2019\/02\/guide.jpg","width":1920,"height":450},{"@type":"WebSite","@id":"https:\/\/staging.streaty.com\/#website","url":"https:\/\/staging.streaty.com\/","name":"Streaty","description":"","publisher":{"@id":"https:\/\/staging.streaty.com\/#organization"},"potentialAction":[{"@type":"SearchAction","target":{"@type":"EntryPoint","urlTemplate":"https:\/\/staging.streaty.com\/?s={search_term_string}"},"query-input":{"@type":"PropertyValueSpecification","valueRequired":true,"valueName":"search_term_string"}}],"inLanguage":"it-IT"},{"@type":"Organization","@id":"https:\/\/staging.streaty.com\/#organization","name":"Streaty","url":"https:\/\/staging.streaty.com\/","logo":{"@type":"ImageObject","inLanguage":"it-IT","@id":"https:\/\/staging.streaty.com\/#\/schema\/logo\/image\/","url":"https:\/\/streaty.com\/wp-content\/uploads\/2022\/08\/streaty.jpg","contentUrl":"https:\/\/streaty.com\/wp-content\/uploads\/2022\/08\/streaty.jpg","width":564,"height":481,"caption":"Streaty"},"image":{"@id":"https:\/\/staging.streaty.com\/#\/schema\/logo\/image\/"},"sameAs":["https:\/\/www.facebook.com\/streatytours\/","https:\/\/www.instagram.com\/streatytours\/"]}]}},"_links":{"self":[{"href":"https:\/\/staging.streaty.com\/it\/wp-json\/wp\/v2\/pages\/2468","targetHints":{"allow":["GET"]}}],"collection":[{"href":"https:\/\/staging.streaty.com\/it\/wp-json\/wp\/v2\/pages"}],"about":[{"href":"https:\/\/staging.streaty.com\/it\/wp-json\/wp\/v2\/types\/page"}],"author":[{"embeddable":true,"href":"https:\/\/staging.streaty.com\/it\/wp-json\/wp\/v2\/users\/3"}],"replies":[{"embeddable":true,"href":"https:\/\/staging.streaty.com\/it\/wp-json\/wp\/v2\/comments?post=2468"}],"version-history":[{"count":40,"href":"https:\/\/staging.streaty.com\/it\/wp-json\/wp\/v2\/pages\/2468\/revisions"}],"predecessor-version":[{"id":7496,"href":"https:\/\/staging.streaty.com\/it\/wp-json\/wp\/v2\/pages\/2468\/revisions\/7496"}],"wp:featuredmedia":[{"embeddable":true,"href":"https:\/\/staging.streaty.com\/it\/wp-json\/wp\/v2\/media\/2466"}],"wp:attachment":[{"href":"https:\/\/staging.streaty.com\/it\/wp-json\/wp\/v2\/media?parent=2468"}],"curies":[{"name":"wp","href":"https:\/\/api.w.org\/{rel}","templated":true}]}}