{"id":2492,"date":"2019-01-15T17:40:49","date_gmt":"2019-01-15T16:40:49","guid":{"rendered":"http:\/\/www.streaty.com\/what-we-offer\/"},"modified":"2021-12-02T10:11:23","modified_gmt":"2021-12-02T09:11:23","slug":"cosa-offriamo","status":"publish","type":"page","link":"https:\/\/staging.streaty.com\/it\/cosa-offriamo\/","title":{"rendered":"Cosa Offriamo"},"content":{"rendered":"<p><span style=\"color: #333333;\">Streaty \u00e8 il marchio pioniere degli street food tours in Italia.<\/span><\/p>\n<h4><span style=\"color: #ff9900;\">Cosa facciamo<\/span><\/h4>\n<p><span style=\"color: #333333;\">Offriamo passeggiate guidate per i mercati ed i vicoli dei centri storici, offrendo ai viaggiatori l\u2019opportunit\u00e0 di gustare le pi\u00f9 veraci specialit\u00e0 della cucina di strada ed <strong>entrare in contatto con la cultura locale senza filtri per turisti.\u00a0<\/strong><\/span><\/p>\n<h4><span style=\"color: #ff9900;\">Il nostri pilastri<\/span><\/h4>\n<ol>\n<li><span style=\"color: #ff9900;\"><strong>?Solo street food locale<\/strong><\/span><br \/>\n<span style=\"color: #333333;\">Nei nostri tour gastronomici offriamo solo ed <strong>esclusivamente specialit\u00e0 regionali.\u00a0<\/strong><span style=\"font-size: Revert;\"><strong>I venditori vengono accuratamente selezionati per la qualit\u00e0 del cibo offerto<\/strong>. Spesso ci ritroviamo a sfidare i palati dei viaggiatori con piatti tradizionali della cucina povera, come il lampredotto a Firenze, la milza a Palermo, il cavallo a Catania o o pere o&#8217;muss a Napoli. Ci teniamo ad offrire anche le specialit\u00e0 pi\u00f9 veraci. Questo perch\u00e8 proponiamo esperienze culinarie autentiche.<\/span><\/span><\/li>\n<li><span style=\"color: #ff9900;\"><strong>?? Guide Locali<\/strong><strong><br \/>\n<\/strong><\/span><span style=\"color: #333333;\">Siamo un gruppo di guide italiane, regolarmente abilitate alla professione, ma soprattutto innamorate delle nostre citt\u00e0 ed appassionate di cibo. In quanto professionisti, ci impegniamo molto nella formazione e nel perfezionamento delle nostre prestazioni. Ci affidiamo tanto alle opinioni dei nostri viaggiatori. <strong>Nonostante siamo professionisti e professionali, ci teniamo a mantenere un atteggiamento rilassato, spontaneo ed amichevole con i viaggiatori.<\/strong> Fa parte del nostro spirito: portarvi in giro come se foste amici in visita<\/span><\/li>\n<li><span style=\"color: #ff9900;\"><strong>??\u200d?\u200d?? Piccoli Gruppi<\/strong><\/span><br \/>\n<span style=\"color: #333333;\">Un&#8217;esperienza di qualit\u00e0 passa anche da aspetti tecnici spesso sottovalutati nel campo del turismo. Nei nostri tour raccogliamo un massimo di 10 partecipanti, perch\u00e8 riteniamo <strong>fondamentale facilitare l&#8217;interazione tra la guide ed i clienti, ma anche tra i viaggiatori stessi.<\/strong> Ci impegniamo tanto nel creare un&#8217;atmosfera rilassata e spontanea all&#8217;interno del gruppo. Il cibo \u00e8 solo una scusa, ma sono i rapporti umani a rendere speciali le nostre esperienze<\/span><\/li>\n<li><span style=\"font-size: Revert; color: #333333;\"><span style=\"color: #ff9900;\"><strong>?\ufe0f Non solo cibo.<\/strong><\/span><br \/>\nI nostri tour sono stati ideati per offrire ai partecipanti <strong>una panoramica esaustiva, non solo sulla cucina di strada, ma anche sulla storia,<\/strong> l\u2019arte e la cultura che decorano e animano i centri urbani. Per questo motivo, durante il tour gastronomico di Catania, parliamo anche del rapporto che i Catanesi hanno con la Montagna. Al nostro wine tasting tour di Venezia spieghiamo il rapporto di amore-odio dei lagunari con i turisti.\u00a0<\/span><\/li>\n<li><span style=\"color: #ff9900;\"><strong>? Sostenibilit\u00e0<\/strong><\/span><br \/>\n<span style=\"color: #333333;\">La sostenibilit\u00e0 ambientale ed economica della nostra attivit\u00e0 \u00e8 un punto molto delicato. <strong>Ci teniamo a vivere i mercati senza impattare negativamente sull&#8217;attivit\u00e0 quotidiana dei venditori<\/strong>. Ci curiamo anche del nostro impatto sull&#8217;ambiente, infatti, molti dei nostri tour sono totalmente plastic free.<\/span><\/li>\n<\/ol>\n<h4><span style=\"color: #ff9900;\"><strong><img loading=\"lazy\" decoding=\"async\" class=\"alignleft wp-image-7391\" src=\"https:\/\/streaty.com\/wp-content\/uploads\/2019\/02\/IMG_9243-300x225.jpg\" alt=\"\" width=\"435\" height=\"326\" srcset=\"https:\/\/staging.streaty.com\/wp-content\/uploads\/2019\/02\/IMG_9243-300x225.jpg 300w, https:\/\/staging.streaty.com\/wp-content\/uploads\/2019\/02\/IMG_9243-1024x768.jpg 1024w, https:\/\/staging.streaty.com\/wp-content\/uploads\/2019\/02\/IMG_9243-768x576.jpg 768w, https:\/\/staging.streaty.com\/wp-content\/uploads\/2019\/02\/IMG_9243-1536x1152.jpg 1536w, https:\/\/staging.streaty.com\/wp-content\/uploads\/2019\/02\/IMG_9243-2048x1536.jpg 2048w, https:\/\/staging.streaty.com\/wp-content\/uploads\/2019\/02\/IMG_9243-100x75.jpg 100w\" sizes=\"auto, (max-width: 435px) 100vw, 435px\" \/>#viaggiaresponsabilmente<\/strong><\/span><\/h4>\n<p><span style=\"color: #333333;\">Quando viaggiamo, abbiamo un impatto sulla realt\u00e0 socio-economica locale. E&#8217; dunque importante saper scegliere e farlo in maniera sostenibile! Cosa intendiamo con questo? Non fatevi ammaliare dai tour a basso costo proposti sul web da fantomatiche agenzie turistiche e guide abusive. Il settore del turismo in Italia \u00e8 rigidamente regolamentato in maniera tale da affidare la guida di questo settore a professionisti formati e specializzati. <strong>Acquistare servizi turistici svolti da guide ed accompagnatori autorizzati non \u00e8 solo una scelta eticamente corretta e responsabile ma \u00e8 anche il modo pi\u00f9 sicuro per evitare sventure.<\/strong><\/span><br \/>\n<span style=\"color: #333333;\">Streaty Tours Srls \u00e8 un tour operator autorizzato a livello nazionale per la vendita di visite e pacchetti turistici. Tutte le guide Streaty sono regolarmente abilitate ed operano con passione e professionalit\u00e0. Andate sul sicuro, scegliete responsabile&#8230;scegliete Streaty!<\/span><\/p>\n","protected":false},"excerpt":{"rendered":"<p>Streaty \u00e8 il marchio pioniere degli street food tours in Italia. Cosa facciamo Offriamo passeggiate guidate per i mercati ed i vicoli dei centri storici, offrendo ai viaggiatori l\u2019opportunit\u00e0 di gustare le pi\u00f9 veraci specialit\u00e0 della cucina di strada ed entrare in contatto con la cultura locale senza filtri per turisti.\u00a0 Il nostri pilastri ?Solo [&hellip;]<\/p>\n","protected":false},"author":3,"featured_media":2218,"parent":0,"menu_order":0,"comment_status":"closed","ping_status":"closed","template":"","meta":{"footnotes":""},"class_list":["post-2492","page","type-page","status-publish","has-post-thumbnail","hentry"],"featured_image_src":"https:\/\/staging.streaty.com\/wp-content\/uploads\/2019\/01\/tours.jpg","yoast_head":"<!-- This site is optimized with the Yoast SEO plugin v27.3 - https:\/\/yoast.com\/product\/yoast-seo-wordpress\/ -->\n<title>Cosa Offriamo - Streaty<\/title>\n<meta name=\"description\" content=\"Unisciti ai nostri street food e local market tours! Organizziamo visite guidate rivolte a viaggiatori curiosi e buongustai: non perdere le tue indimenticabili esperienze di street food in giro per l&#039;Italia.\" \/>\n<meta name=\"robots\" content=\"noindex, follow, max-snippet:-1, max-image-preview:large, max-video-preview:-1\" \/>\n<meta property=\"og:locale\" content=\"it_IT\" \/>\n<meta property=\"og:type\" content=\"article\" \/>\n<meta property=\"og:title\" content=\"Cosa Offriamo - Streaty\" \/>\n<meta property=\"og:description\" content=\"Unisciti ai nostri street food e local market tours! Organizziamo visite guidate rivolte a viaggiatori curiosi e buongustai: non perdere le tue indimenticabili esperienze di street food in giro per l&#039;Italia.\" \/>\n<meta property=\"og:url\" content=\"https:\/\/staging.streaty.com\/what-we-offer\/\" \/>\n<meta property=\"og:site_name\" content=\"Streaty\" \/>\n<meta property=\"article:publisher\" content=\"https:\/\/www.facebook.com\/streatytours\/\" \/>\n<meta property=\"article:modified_time\" content=\"2021-12-02T09:11:23+00:00\" \/>\n<meta property=\"og:image\" content=\"https:\/\/staging.streaty.com\/wp-content\/uploads\/2019\/01\/tours.jpg\" \/>\n\t<meta property=\"og:image:width\" content=\"1920\" \/>\n\t<meta property=\"og:image:height\" content=\"450\" \/>\n\t<meta property=\"og:image:type\" content=\"image\/jpeg\" \/>\n<meta name=\"twitter:card\" content=\"summary_large_image\" \/>\n<script type=\"application\/ld+json\" class=\"yoast-schema-graph\">{\"@context\":\"https:\\\/\\\/schema.org\",\"@graph\":[{\"@type\":\"WebPage\",\"@id\":\"https:\\\/\\\/staging.streaty.com\\\/what-we-offer\\\/\",\"url\":\"https:\\\/\\\/staging.streaty.com\\\/what-we-offer\\\/\",\"name\":\"Cosa Offriamo - Streaty\",\"isPartOf\":{\"@id\":\"https:\\\/\\\/staging.streaty.com\\\/#website\"},\"primaryImageOfPage\":{\"@id\":\"https:\\\/\\\/staging.streaty.com\\\/what-we-offer\\\/#primaryimage\"},\"image\":{\"@id\":\"https:\\\/\\\/staging.streaty.com\\\/what-we-offer\\\/#primaryimage\"},\"thumbnailUrl\":\"https:\\\/\\\/staging.streaty.com\\\/wp-content\\\/uploads\\\/2019\\\/01\\\/tours.jpg\",\"datePublished\":\"2019-01-15T16:40:49+00:00\",\"dateModified\":\"2021-12-02T09:11:23+00:00\",\"description\":\"Unisciti ai nostri street food e local market tours! Organizziamo visite guidate rivolte a viaggiatori curiosi e buongustai: non perdere le tue indimenticabili esperienze di street food in giro per l'Italia.\",\"inLanguage\":\"it-IT\",\"potentialAction\":[{\"@type\":\"ReadAction\",\"target\":[\"https:\\\/\\\/staging.streaty.com\\\/what-we-offer\\\/\"]}]},{\"@type\":\"ImageObject\",\"inLanguage\":\"it-IT\",\"@id\":\"https:\\\/\\\/staging.streaty.com\\\/what-we-offer\\\/#primaryimage\",\"url\":\"https:\\\/\\\/staging.streaty.com\\\/wp-content\\\/uploads\\\/2019\\\/01\\\/tours.jpg\",\"contentUrl\":\"https:\\\/\\\/staging.streaty.com\\\/wp-content\\\/uploads\\\/2019\\\/01\\\/tours.jpg\",\"width\":1920,\"height\":450},{\"@type\":\"WebSite\",\"@id\":\"https:\\\/\\\/staging.streaty.com\\\/#website\",\"url\":\"https:\\\/\\\/staging.streaty.com\\\/\",\"name\":\"Streaty\",\"description\":\"\",\"publisher\":{\"@id\":\"https:\\\/\\\/staging.streaty.com\\\/#organization\"},\"potentialAction\":[{\"@type\":\"SearchAction\",\"target\":{\"@type\":\"EntryPoint\",\"urlTemplate\":\"https:\\\/\\\/staging.streaty.com\\\/?s={search_term_string}\"},\"query-input\":{\"@type\":\"PropertyValueSpecification\",\"valueRequired\":true,\"valueName\":\"search_term_string\"}}],\"inLanguage\":\"it-IT\"},{\"@type\":\"Organization\",\"@id\":\"https:\\\/\\\/staging.streaty.com\\\/#organization\",\"name\":\"Streaty\",\"url\":\"https:\\\/\\\/staging.streaty.com\\\/\",\"logo\":{\"@type\":\"ImageObject\",\"inLanguage\":\"it-IT\",\"@id\":\"https:\\\/\\\/staging.streaty.com\\\/#\\\/schema\\\/logo\\\/image\\\/\",\"url\":\"https:\\\/\\\/streaty.com\\\/wp-content\\\/uploads\\\/2022\\\/08\\\/streaty.jpg\",\"contentUrl\":\"https:\\\/\\\/streaty.com\\\/wp-content\\\/uploads\\\/2022\\\/08\\\/streaty.jpg\",\"width\":564,\"height\":481,\"caption\":\"Streaty\"},\"image\":{\"@id\":\"https:\\\/\\\/staging.streaty.com\\\/#\\\/schema\\\/logo\\\/image\\\/\"},\"sameAs\":[\"https:\\\/\\\/www.facebook.com\\\/streatytours\\\/\",\"https:\\\/\\\/www.instagram.com\\\/streatytours\\\/\"]}]}<\/script>\n<!-- \/ Yoast SEO plugin. -->","yoast_head_json":{"title":"Cosa Offriamo - Streaty","description":"Unisciti ai nostri street food e local market tours! Organizziamo visite guidate rivolte a viaggiatori curiosi e buongustai: non perdere le tue indimenticabili esperienze di street food in giro per l'Italia.","robots":{"index":"noindex","follow":"follow","max-snippet":"max-snippet:-1","max-image-preview":"max-image-preview:large","max-video-preview":"max-video-preview:-1"},"og_locale":"it_IT","og_type":"article","og_title":"Cosa Offriamo - Streaty","og_description":"Unisciti ai nostri street food e local market tours! Organizziamo visite guidate rivolte a viaggiatori curiosi e buongustai: non perdere le tue indimenticabili esperienze di street food in giro per l'Italia.","og_url":"https:\/\/staging.streaty.com\/what-we-offer\/","og_site_name":"Streaty","article_publisher":"https:\/\/www.facebook.com\/streatytours\/","article_modified_time":"2021-12-02T09:11:23+00:00","og_image":[{"width":1920,"height":450,"url":"https:\/\/staging.streaty.com\/wp-content\/uploads\/2019\/01\/tours.jpg","type":"image\/jpeg"}],"twitter_card":"summary_large_image","schema":{"@context":"https:\/\/schema.org","@graph":[{"@type":"WebPage","@id":"https:\/\/staging.streaty.com\/what-we-offer\/","url":"https:\/\/staging.streaty.com\/what-we-offer\/","name":"Cosa Offriamo - Streaty","isPartOf":{"@id":"https:\/\/staging.streaty.com\/#website"},"primaryImageOfPage":{"@id":"https:\/\/staging.streaty.com\/what-we-offer\/#primaryimage"},"image":{"@id":"https:\/\/staging.streaty.com\/what-we-offer\/#primaryimage"},"thumbnailUrl":"https:\/\/staging.streaty.com\/wp-content\/uploads\/2019\/01\/tours.jpg","datePublished":"2019-01-15T16:40:49+00:00","dateModified":"2021-12-02T09:11:23+00:00","description":"Unisciti ai nostri street food e local market tours! Organizziamo visite guidate rivolte a viaggiatori curiosi e buongustai: non perdere le tue indimenticabili esperienze di street food in giro per l'Italia.","inLanguage":"it-IT","potentialAction":[{"@type":"ReadAction","target":["https:\/\/staging.streaty.com\/what-we-offer\/"]}]},{"@type":"ImageObject","inLanguage":"it-IT","@id":"https:\/\/staging.streaty.com\/what-we-offer\/#primaryimage","url":"https:\/\/staging.streaty.com\/wp-content\/uploads\/2019\/01\/tours.jpg","contentUrl":"https:\/\/staging.streaty.com\/wp-content\/uploads\/2019\/01\/tours.jpg","width":1920,"height":450},{"@type":"WebSite","@id":"https:\/\/staging.streaty.com\/#website","url":"https:\/\/staging.streaty.com\/","name":"Streaty","description":"","publisher":{"@id":"https:\/\/staging.streaty.com\/#organization"},"potentialAction":[{"@type":"SearchAction","target":{"@type":"EntryPoint","urlTemplate":"https:\/\/staging.streaty.com\/?s={search_term_string}"},"query-input":{"@type":"PropertyValueSpecification","valueRequired":true,"valueName":"search_term_string"}}],"inLanguage":"it-IT"},{"@type":"Organization","@id":"https:\/\/staging.streaty.com\/#organization","name":"Streaty","url":"https:\/\/staging.streaty.com\/","logo":{"@type":"ImageObject","inLanguage":"it-IT","@id":"https:\/\/staging.streaty.com\/#\/schema\/logo\/image\/","url":"https:\/\/streaty.com\/wp-content\/uploads\/2022\/08\/streaty.jpg","contentUrl":"https:\/\/streaty.com\/wp-content\/uploads\/2022\/08\/streaty.jpg","width":564,"height":481,"caption":"Streaty"},"image":{"@id":"https:\/\/staging.streaty.com\/#\/schema\/logo\/image\/"},"sameAs":["https:\/\/www.facebook.com\/streatytours\/","https:\/\/www.instagram.com\/streatytours\/"]}]}},"_links":{"self":[{"href":"https:\/\/staging.streaty.com\/it\/wp-json\/wp\/v2\/pages\/2492","targetHints":{"allow":["GET"]}}],"collection":[{"href":"https:\/\/staging.streaty.com\/it\/wp-json\/wp\/v2\/pages"}],"about":[{"href":"https:\/\/staging.streaty.com\/it\/wp-json\/wp\/v2\/types\/page"}],"author":[{"embeddable":true,"href":"https:\/\/staging.streaty.com\/it\/wp-json\/wp\/v2\/users\/3"}],"replies":[{"embeddable":true,"href":"https:\/\/staging.streaty.com\/it\/wp-json\/wp\/v2\/comments?post=2492"}],"version-history":[{"count":33,"href":"https:\/\/staging.streaty.com\/it\/wp-json\/wp\/v2\/pages\/2492\/revisions"}],"predecessor-version":[{"id":7431,"href":"https:\/\/staging.streaty.com\/it\/wp-json\/wp\/v2\/pages\/2492\/revisions\/7431"}],"wp:featuredmedia":[{"embeddable":true,"href":"https:\/\/staging.streaty.com\/it\/wp-json\/wp\/v2\/media\/2218"}],"wp:attachment":[{"href":"https:\/\/staging.streaty.com\/it\/wp-json\/wp\/v2\/media?parent=2492"}],"curies":[{"name":"wp","href":"https:\/\/api.w.org\/{rel}","templated":true}]}}