{"id":2509,"date":"2019-01-17T16:15:05","date_gmt":"2019-01-17T15:15:05","guid":{"rendered":"http:\/\/www.streaty.com\/jobs\/"},"modified":"2022-09-29T12:04:28","modified_gmt":"2022-09-29T10:04:28","slug":"lavora-con-coi","status":"publish","type":"page","link":"https:\/\/staging.streaty.com\/it\/lavora-con-coi\/","title":{"rendered":"Lavora con noi"},"content":{"rendered":"\n<div class=\"wp-block-columns has-2-columns is-layout-flex wp-container-core-columns-is-layout-9d6595d7 wp-block-columns-is-layout-flex\">\n<div class=\"wp-block-column is-layout-flow wp-block-column-is-layout-flow\">\n<div class=\"wp-block-image\"><figure class=\"aligncenter\"><img loading=\"lazy\" decoding=\"async\" width=\"648\" height=\"432\" src=\"https:\/\/streaty.com\/wp-content\/uploads\/2019\/02\/jobs.jpg\" alt=\"\" class=\"wp-image-2500\" srcset=\"https:\/\/staging.streaty.com\/wp-content\/uploads\/2019\/02\/jobs.jpg 648w, https:\/\/staging.streaty.com\/wp-content\/uploads\/2019\/02\/jobs-300x200.jpg 300w, https:\/\/staging.streaty.com\/wp-content\/uploads\/2019\/02\/jobs-100x67.jpg 100w\" sizes=\"auto, (max-width: 648px) 100vw, 648px\" \/><\/figure><\/div>\n<\/div>\n\n\n\n<div class=\"wp-block-column is-layout-flow wp-block-column-is-layout-flow\">\n<p class=\"has-medium-font-size\"><em>Ti piace bere, mangiare e fare nuove amicizie? Sei la guida che cerchiamo<\/em>!<\/p>\n\n\n\n<p><b style=\"color: #ff9900;\">CERCHIAMO Guida o Accompagnatore Turistico a Palermo,\u00a0<\/b><span style=\"color: #ff9900;\"><span style=\"caret-color: #ff9900; font-weight: 600;\">Napoli, Catania, Firenze,\u00a0<\/span><\/span><b style=\"color: #ff9900;\">Venezia, Roma<\/b><\/p>\n\n\n\n<p class=\"has-black-color has-text-color\"><strong>REQUISITI NECESSARI<\/strong><\/p>\n\n\n\n<ul style=\"list-style-type: square;\">\n<li><strong>Licenza<\/strong> di guida turistica o accompagnatore turistico.\u00a0<\/li>\n<li><strong>Domiciliato in una delle seguenti citt\u00e0<\/strong>:\u00a0Venezia, Firenze, Napoli, Roma,\u00a0Palermo, Catania<\/li>\n<li><strong>Profilo ideale: <\/strong>25-40 anni, socievole e appassionata di cibo e viaggi<\/li>\n<li><strong>Disponibilit\u00e0<\/strong> per la stagione 2023<\/li>\n<\/ul>\n\n\n\n<p><strong><span style=\"color:#000000\" class=\"tadv-color\">CONOSCENZE LINGUISTICHE:<\/span><\/strong>\u00a0lingua inglese livello C1 (fluente), sia scritto che orale. Il candidato deve essere in grado di dialogare in maniera fluente esprimendo pensieri articolati. Fondamentale \u00e8 la padronanza del glossario gastronomico.<\/p>\n\n\n\n<p><strong><span style=\"color: #333333;\"><span style=\"color: #000000;\">PROFILO IDEALE<\/span><\/span>:\u00a0<\/strong>la guida Streaty \u00e8 appassionata di cucina ed \u00e8 sentimentalmente legata\u00a0alla propria terra. Ama viaggiare, ampliare i propri orizzonti culturali e fare nuove amicizie. Guida i viaggiatori in citt\u00e0 con passione, empatia e capacit\u00e0 di coinvolgimento. Gestisce eventuali problematiche con calma, attenzione e professionalit\u00e0.\u00a0<\/p>\n\n\n\n<p><span style=\"color: #000000;\"><strong>COME CANDIDARSI<br \/><\/strong><\/span>Ti preghiamo di <strong>inviare una email a &#x69;&#x6e;&#x66;&#111;&#64;st&#x72;&#x65;&#x61;&#116;&#121;&#46;c&#x6f;&#x6d;<\/strong> allegando il tuo CV.<\/p>\n\n\n\n<p><span style=\"color:#000000\" class=\"tadv-color\"><strong>PROSSIMI COLLOQUI<\/strong><br><\/span>Firenze 19-22 ottobre<\/p>\n\n\n\n<p><br><\/p>\n<\/div>\n<\/div>\n","protected":false},"excerpt":{"rendered":"<p>Ti piace bere, mangiare e fare nuove amicizie? Sei la guida che cerchiamo! REQUISITI NECESSARI CONOSCENZE LINGUISTICHE:\u00a0lingua inglese livello C1 (fluente), sia scritto che orale. Il candidato deve essere in grado di dialogare in maniera fluente esprimendo pensieri articolati. Fondamentale \u00e8 la padronanza del glossario gastronomico. PROSSIMI COLLOQUIFirenze 19-22 ottobre<\/p>\n","protected":false},"author":3,"featured_media":2886,"parent":0,"menu_order":0,"comment_status":"closed","ping_status":"closed","template":"","meta":{"footnotes":""},"class_list":["post-2509","page","type-page","status-publish","has-post-thumbnail","hentry"],"featured_image_src":"https:\/\/staging.streaty.com\/wp-content\/uploads\/2019\/02\/jobs-header.jpg","yoast_head":"<!-- This site is optimized with the Yoast SEO plugin v27.3 - https:\/\/yoast.com\/product\/yoast-seo-wordpress\/ -->\n<title>Lavora con noi - Streaty<\/title>\n<meta name=\"robots\" content=\"noindex, follow, max-snippet:-1, max-image-preview:large, max-video-preview:-1\" \/>\n<meta property=\"og:locale\" content=\"it_IT\" \/>\n<meta property=\"og:type\" content=\"article\" \/>\n<meta property=\"og:title\" content=\"Lavora con noi - Streaty\" \/>\n<meta property=\"og:description\" content=\"Ti piace bere, mangiare e fare nuove amicizie? Sei la guida che cerchiamo! REQUISITI NECESSARI CONOSCENZE LINGUISTICHE:\u00a0lingua inglese livello C1 (fluente), sia scritto che orale. Il candidato deve essere in grado di dialogare in maniera fluente esprimendo pensieri articolati. Fondamentale \u00e8 la padronanza del glossario gastronomico. PROSSIMI COLLOQUIFirenze 19-22 ottobre\" \/>\n<meta property=\"og:url\" content=\"https:\/\/staging.streaty.com\/jobs\/\" \/>\n<meta property=\"og:site_name\" content=\"Streaty\" \/>\n<meta property=\"article:publisher\" content=\"https:\/\/www.facebook.com\/streatytours\/\" \/>\n<meta property=\"article:modified_time\" content=\"2022-09-29T10:04:28+00:00\" \/>\n<meta property=\"og:image\" content=\"https:\/\/staging.streaty.com\/wp-content\/uploads\/2019\/02\/jobs-header.jpg\" \/>\n\t<meta property=\"og:image:width\" content=\"1920\" \/>\n\t<meta property=\"og:image:height\" content=\"450\" \/>\n\t<meta property=\"og:image:type\" content=\"image\/jpeg\" \/>\n<meta name=\"twitter:card\" content=\"summary_large_image\" \/>\n<script type=\"application\/ld+json\" class=\"yoast-schema-graph\">{\"@context\":\"https:\\\/\\\/schema.org\",\"@graph\":[{\"@type\":\"WebPage\",\"@id\":\"https:\\\/\\\/staging.streaty.com\\\/jobs\\\/\",\"url\":\"https:\\\/\\\/staging.streaty.com\\\/jobs\\\/\",\"name\":\"Lavora con noi - Streaty\",\"isPartOf\":{\"@id\":\"https:\\\/\\\/staging.streaty.com\\\/#website\"},\"primaryImageOfPage\":{\"@id\":\"https:\\\/\\\/staging.streaty.com\\\/jobs\\\/#primaryimage\"},\"image\":{\"@id\":\"https:\\\/\\\/staging.streaty.com\\\/jobs\\\/#primaryimage\"},\"thumbnailUrl\":\"https:\\\/\\\/staging.streaty.com\\\/wp-content\\\/uploads\\\/2019\\\/02\\\/jobs-header.jpg\",\"datePublished\":\"2019-01-17T15:15:05+00:00\",\"dateModified\":\"2022-09-29T10:04:28+00:00\",\"inLanguage\":\"it-IT\",\"potentialAction\":[{\"@type\":\"ReadAction\",\"target\":[\"https:\\\/\\\/staging.streaty.com\\\/jobs\\\/\"]}]},{\"@type\":\"ImageObject\",\"inLanguage\":\"it-IT\",\"@id\":\"https:\\\/\\\/staging.streaty.com\\\/jobs\\\/#primaryimage\",\"url\":\"https:\\\/\\\/staging.streaty.com\\\/wp-content\\\/uploads\\\/2019\\\/02\\\/jobs-header.jpg\",\"contentUrl\":\"https:\\\/\\\/staging.streaty.com\\\/wp-content\\\/uploads\\\/2019\\\/02\\\/jobs-header.jpg\",\"width\":1920,\"height\":450},{\"@type\":\"WebSite\",\"@id\":\"https:\\\/\\\/staging.streaty.com\\\/#website\",\"url\":\"https:\\\/\\\/staging.streaty.com\\\/\",\"name\":\"Streaty\",\"description\":\"\",\"publisher\":{\"@id\":\"https:\\\/\\\/staging.streaty.com\\\/#organization\"},\"potentialAction\":[{\"@type\":\"SearchAction\",\"target\":{\"@type\":\"EntryPoint\",\"urlTemplate\":\"https:\\\/\\\/staging.streaty.com\\\/?s={search_term_string}\"},\"query-input\":{\"@type\":\"PropertyValueSpecification\",\"valueRequired\":true,\"valueName\":\"search_term_string\"}}],\"inLanguage\":\"it-IT\"},{\"@type\":\"Organization\",\"@id\":\"https:\\\/\\\/staging.streaty.com\\\/#organization\",\"name\":\"Streaty\",\"url\":\"https:\\\/\\\/staging.streaty.com\\\/\",\"logo\":{\"@type\":\"ImageObject\",\"inLanguage\":\"it-IT\",\"@id\":\"https:\\\/\\\/staging.streaty.com\\\/#\\\/schema\\\/logo\\\/image\\\/\",\"url\":\"https:\\\/\\\/streaty.com\\\/wp-content\\\/uploads\\\/2022\\\/08\\\/streaty.jpg\",\"contentUrl\":\"https:\\\/\\\/streaty.com\\\/wp-content\\\/uploads\\\/2022\\\/08\\\/streaty.jpg\",\"width\":564,\"height\":481,\"caption\":\"Streaty\"},\"image\":{\"@id\":\"https:\\\/\\\/staging.streaty.com\\\/#\\\/schema\\\/logo\\\/image\\\/\"},\"sameAs\":[\"https:\\\/\\\/www.facebook.com\\\/streatytours\\\/\",\"https:\\\/\\\/www.instagram.com\\\/streatytours\\\/\"]}]}<\/script>\n<!-- \/ Yoast SEO plugin. -->","yoast_head_json":{"title":"Lavora con noi - Streaty","robots":{"index":"noindex","follow":"follow","max-snippet":"max-snippet:-1","max-image-preview":"max-image-preview:large","max-video-preview":"max-video-preview:-1"},"og_locale":"it_IT","og_type":"article","og_title":"Lavora con noi - Streaty","og_description":"Ti piace bere, mangiare e fare nuove amicizie? Sei la guida che cerchiamo! REQUISITI NECESSARI CONOSCENZE LINGUISTICHE:\u00a0lingua inglese livello C1 (fluente), sia scritto che orale. Il candidato deve essere in grado di dialogare in maniera fluente esprimendo pensieri articolati. Fondamentale \u00e8 la padronanza del glossario gastronomico. PROSSIMI COLLOQUIFirenze 19-22 ottobre","og_url":"https:\/\/staging.streaty.com\/jobs\/","og_site_name":"Streaty","article_publisher":"https:\/\/www.facebook.com\/streatytours\/","article_modified_time":"2022-09-29T10:04:28+00:00","og_image":[{"width":1920,"height":450,"url":"https:\/\/staging.streaty.com\/wp-content\/uploads\/2019\/02\/jobs-header.jpg","type":"image\/jpeg"}],"twitter_card":"summary_large_image","schema":{"@context":"https:\/\/schema.org","@graph":[{"@type":"WebPage","@id":"https:\/\/staging.streaty.com\/jobs\/","url":"https:\/\/staging.streaty.com\/jobs\/","name":"Lavora con noi - Streaty","isPartOf":{"@id":"https:\/\/staging.streaty.com\/#website"},"primaryImageOfPage":{"@id":"https:\/\/staging.streaty.com\/jobs\/#primaryimage"},"image":{"@id":"https:\/\/staging.streaty.com\/jobs\/#primaryimage"},"thumbnailUrl":"https:\/\/staging.streaty.com\/wp-content\/uploads\/2019\/02\/jobs-header.jpg","datePublished":"2019-01-17T15:15:05+00:00","dateModified":"2022-09-29T10:04:28+00:00","inLanguage":"it-IT","potentialAction":[{"@type":"ReadAction","target":["https:\/\/staging.streaty.com\/jobs\/"]}]},{"@type":"ImageObject","inLanguage":"it-IT","@id":"https:\/\/staging.streaty.com\/jobs\/#primaryimage","url":"https:\/\/staging.streaty.com\/wp-content\/uploads\/2019\/02\/jobs-header.jpg","contentUrl":"https:\/\/staging.streaty.com\/wp-content\/uploads\/2019\/02\/jobs-header.jpg","width":1920,"height":450},{"@type":"WebSite","@id":"https:\/\/staging.streaty.com\/#website","url":"https:\/\/staging.streaty.com\/","name":"Streaty","description":"","publisher":{"@id":"https:\/\/staging.streaty.com\/#organization"},"potentialAction":[{"@type":"SearchAction","target":{"@type":"EntryPoint","urlTemplate":"https:\/\/staging.streaty.com\/?s={search_term_string}"},"query-input":{"@type":"PropertyValueSpecification","valueRequired":true,"valueName":"search_term_string"}}],"inLanguage":"it-IT"},{"@type":"Organization","@id":"https:\/\/staging.streaty.com\/#organization","name":"Streaty","url":"https:\/\/staging.streaty.com\/","logo":{"@type":"ImageObject","inLanguage":"it-IT","@id":"https:\/\/staging.streaty.com\/#\/schema\/logo\/image\/","url":"https:\/\/streaty.com\/wp-content\/uploads\/2022\/08\/streaty.jpg","contentUrl":"https:\/\/streaty.com\/wp-content\/uploads\/2022\/08\/streaty.jpg","width":564,"height":481,"caption":"Streaty"},"image":{"@id":"https:\/\/staging.streaty.com\/#\/schema\/logo\/image\/"},"sameAs":["https:\/\/www.facebook.com\/streatytours\/","https:\/\/www.instagram.com\/streatytours\/"]}]}},"_links":{"self":[{"href":"https:\/\/staging.streaty.com\/it\/wp-json\/wp\/v2\/pages\/2509","targetHints":{"allow":["GET"]}}],"collection":[{"href":"https:\/\/staging.streaty.com\/it\/wp-json\/wp\/v2\/pages"}],"about":[{"href":"https:\/\/staging.streaty.com\/it\/wp-json\/wp\/v2\/types\/page"}],"author":[{"embeddable":true,"href":"https:\/\/staging.streaty.com\/it\/wp-json\/wp\/v2\/users\/3"}],"replies":[{"embeddable":true,"href":"https:\/\/staging.streaty.com\/it\/wp-json\/wp\/v2\/comments?post=2509"}],"version-history":[{"count":21,"href":"https:\/\/staging.streaty.com\/it\/wp-json\/wp\/v2\/pages\/2509\/revisions"}],"predecessor-version":[{"id":8226,"href":"https:\/\/staging.streaty.com\/it\/wp-json\/wp\/v2\/pages\/2509\/revisions\/8226"}],"wp:featuredmedia":[{"embeddable":true,"href":"https:\/\/staging.streaty.com\/it\/wp-json\/wp\/v2\/media\/2886"}],"wp:attachment":[{"href":"https:\/\/staging.streaty.com\/it\/wp-json\/wp\/v2\/media?parent=2509"}],"curies":[{"name":"wp","href":"https:\/\/api.w.org\/{rel}","templated":true}]}}