{"id":2922,"date":"2019-01-10T10:58:54","date_gmt":"2019-01-10T09:58:54","guid":{"rendered":"http:\/\/www.streaty.com\/?page_id=2922"},"modified":"2019-03-29T16:05:07","modified_gmt":"2019-03-29T15:05:07","slug":"privacy-policy","status":"publish","type":"page","link":"https:\/\/staging.streaty.com\/it\/privacy-policy\/","title":{"rendered":"Privacy Policy"},"content":{"rendered":"\n<p style=\"text-align:center\"><strong>INFORMATIVA RESA AI SENSI DELL\u2019ART. 13 DEL REGOLAMENTO (EU) 679\/2016 PER IL TRATTAMENTO DEI DATI PERSONALI DELLE PERSONE FISICHE<\/strong><\/p>\n\n\n\n<p><em>In questa informativa si rappresentano le modalit\u00e0 concrete di gestione del sito web in relazione al trattamento di dati personali degli utenti che vi si collegano. Il trattamento dei dati viene effettuato sempre seguendo i principi di liceit\u00e0, trasparenza e correttezza e vengono adottate idonee misure di sicurezza per garantirne la protezione. Ulteriori e specifiche informazioni sul trattamento dei dati personali potranno essere ottenute inviando una richiesta al Titolare del trattamento utilizzando il form di contatto.<\/em><\/p>\n\n\n\n<p style=\"text-align:left\"><strong>TITOLARE DEL TRATTAMENTO<\/strong><\/p>\n\n\n\n<p>Titolare del trattamento dei dati personali degli utenti che navigano sul sito https:\/\/streaty.com \u00e8 Streaty Tours s.r.l.s. (P. iva 06658390825) con sede legale in Via Principe di Belmonte n. 93 \u2013 90139 Palermo. Il Titolare del trattamento dei dati pu\u00f2 essere contattato presso la sede legale o al numero di telefono +39 351.5133552, ovvero per mail: <a href=\"&#109;&#x61;&#105;&#x6c;&#116;&#x6f;&#58;&#x69;&#110;&#x66;&#111;&#x40;w&#x77;w&#x2e;s&#x74;r&#x65;a&#x74;y&#46;&#x63;&#111;&#x6d;\">in&#102;&#111;&#64;&#119;&#x77;&#x77;&#x2e;&#x73;&#x74;re&#97;&#116;&#121;&#46;&#x63;&#x6f;&#x6d;<\/a><\/p>\n\n\n\n<p style=\"text-align:left\"><strong>BASE GIURIDICA<\/strong><\/p>\n\n\n\n<p><em>Base Contrattuale:<\/em><br>Il trattamento dei dati per le \u201cFinalit\u00e0 Contrattuali\u201d \u00e8 obbligatorio in quanto necessario ai fini della fornitura dei servizi da te acquistati o prenotati, per tali fini non sar\u00e0 necessario raccogliere espressamente il consenso per il trattamento dei dati personali conferiti.<\/p>\n\n\n\n<p><em>Base legale:<\/em><br>Il conferimento dei dati per la \u201cFinalit\u00e0 di Legge\u201d \u00e8 anch&#8217;esso obbligatorio in quanto richiesto dalle normative applicabili come l\u2019adempimento in materia fiscale o per difende i diritti del Titolare o di terzi in giudizio e non necessita dell\u2019acquisizione preventiva del consenso dell\u2019utente.<\/p>\n\n\n\n<p><br><em>Base Consensuale:<\/em><br>Il trattamento dei dati per le finalit\u00e0 specifiche come, a titolo esemplificativo, iscrizione alla newsletter per finalit\u00e0 di Marketing o attivit\u00e0 di profilazione \u00e8 facoltativo ed \u00e8 ammesso solo con il tuo consenso (che pu\u00f2 essere revocato in ogni momento) senza il quale non sar\u00e0 possibile per Streaty Tours s.r.l.s. dare seguito ai servizi o alle richieste effettuate dall\u2019utente.<\/p>\n\n\n\n<p><br><em>Interesse legittimo del Titolare:<\/em><br>Il Titolare potr\u00e0 trattare i dati raccolti per un suo legittimo interesse e nei limiti previsti dal Regolamento. L\u2019utente potr\u00e0 opporsi in qualunque momento al trattamento per finalit\u00e0 di legittimo interesse del Titolare e salvi i limiti imposti dalla normativa.<\/p>\n\n\n\n<p style=\"text-align:left\"><strong>TIPOLOGIA DEI DATI PERSONALI TRATTATI<\/strong><\/p>\n\n\n\n<p>Streaty Tours s.r.l.s. per fornire i servizi presenti sul sito web raccoglie e tratta solo \u201cdati personali identificativi\u201d come, a titolo esemplificativo, il nome, cognome, indirizzo completo, numero di telefono, e-mail. I cookie, cio\u00e8 file di testo di piccole dimensioni che possono essere inviati e registrati sul computer dell&#8217;utente dai siti web visitati. Per ulteriori dettagli, si rimanda alla Cookie Policy presente sul sito web.<\/p>\n\n\n\n<p>Ulteriori dati raccolti<br>Il sistema informatico su cui si basa il funzionamento del presente sito web acquisisce durante il suo funzionamento alcuni dati personali. Tali dati non sono raccolti per essere associati ad utenti identificati, ma per loro natura attraverso l\u2019elaborazione\/associazione con dati posseduti da terzi potrebbero permettere l\u2019identificazione dell\u2019utente. In questa categoria di dati rientrano, a titolo di esempio, l\u2019indirizzo IP, nome a dominio, l\u2019orario di accesso, parametri relativi al sistema operativo utilizzato dall\u2019utente, ecc..). Tali dati vengono raccolti al solo fine di ricavare informazioni statistiche sull\u2019uso del sito web e sul suo corretto funzionamento o per l\u2019accertamento di eventuali reati informatici ai danni del sito web. Streaty Tours s.r.l.s. non raccoglie e non tratta categorie particolari di dati personali, ovvero dati sensibili, dati sulla salute (compresi i dati genetici o biometrici) e dati penali.<\/p>\n\n\n\n<p style=\"text-align:left\"><strong>MODALITA\u2019 E FINALITA\u2019 DEI TRATTAMENTI<\/strong><\/p>\n\n\n\n<p>Il trattamento dei dati personali si rende necessario per gestire i rapporti con gli utenti del sito web, incluso l\u2019acquisto di servizi. I dati raccolti vengono trattati con modalit\u00e0 informatica, telematica e cartacea e sono protetti da idonee misure di sicurezza atte a garantirne la riservatezza, l\u2019integrit\u00e0 ed il ripristino. In particolare vengono adottate misure organizzative e procedurali (es. distribuzione dei ruoli tra il personale, incaricati\/responsabili del trattamento sia interni che esterni) nonch\u00e9 misure tecniche (es. backup, antivirus, firewall).<\/p>\n\n\n\n<p>Le finalit\u00e0 per cui raccogliamo e trattiamo i dati personali sono molteplici, in ogni caso trattiamo i dati conferiti esclusivamente per le finalit\u00e0 strettamente pertinenti ad ogni singolo servizio richiesto o utilizzato, in particolare:<\/p>\n\n\n\n<p><em>Customer Care:<\/em> Il Titolare del trattamento mette a disposizione degli utenti del sito web un servizio di assistenza (principalmente erogato tramite chat, telefono, email) diretto a supportare i propri clienti prima, durante e dopo l&#8217;acquisto di un servizio o per fornire informazioni sulle attivit\u00e0 da noi svolte. In alcuni casi per utilizzare il servizio Customer Care potremmo avere necessit\u00e0 di chiederti i tuoi dati personali quando ci\u00f2 risulta necessario a rispondere alle richieste di chiarimenti, informazioni sull\u2019acquisto dei servizi, pagamenti, annullamenti, gestire reclami o richieste personali.<\/p>\n\n\n\n<p><em>Iscrizione alla Newsletter:<\/em> la nostra newsletter \u00e8 una comunicazione a carattere promozionale\/commerciale inviata a tutti gli interessati che la richiedono iscrivendosi al servizio. I dati conferiti per l\u2019iscrizione alla newsletter verranno conservati fintanto che non ci pervenga una richiesta di cancellazione da parte tua anche utilizzando l\u2019apposito tasto \u201cCancella iscrizione\u201d, in tal caso provvederemo a cancellare i tuoi dati dai nostri database entro 48 ore dalla richiesta di cancellazione dal servizio. L\u2019invio della newsletter verr\u00e0 effettuato solo previa raccolta del tuo consenso che costituir\u00e0 la base giuridica con cui effettueremo il trattamento dei tuoi dati.<\/p>\n\n\n\n<p><em>Form di Contatto:<\/em> i dati che inserisci nel form li utilizziamo esclusivamente per dare un preciso riscontro a quanto da te richiesto e, a tal fine, non \u00e8 necessario raccogliere espressamente il consenso. I dati da te conferiti saranno conservati per un periodo di 24 mesi e dopo verranno cancellati dai nostri sistemi.<\/p>\n\n\n\n<p><em>Acquisto Servizi:<\/em> i dati che conferisci verranno utilizzati per l\u2019espletamento del servizio acquistato e le attivit\u00e0 connesse (fatturazione, gestione dei pagamenti, richieste personalizzate, ecc.). Il perfezionamento del contratto telematico di vendita costituir\u00e0 quindi la base giuridica con cui tratteremo i tuoi dati personali che saranno conservati per il tempo necessario ad adempiere agli obblighi imposti dalla legge in relazione allo svolgimento dell\u2019attivit\u00e0 di vendita.<\/p>\n\n\n\n<p><em>lavora con noi:<\/em> quando scrivi all\u2019indirizzo e-mail i&#110;&#x66;&#x6f;&#x40;w&#119;&#119;&#x2e;&#x73;t&#114;&#101;&#x61;&#x74;y&#46;&#99;&#x6f;&#x6d; per una candidatura a una posizione lavorativa utilizzeremo i dati da te conferiti per svolgere le necessarie attivit\u00e0 di selezione. Terminata l\u2019analisi della candidatura i dati raccolti saranno conservati per 24 mesi, successivamente verranno cancellati dai nostri database.<\/p>\n\n\n\n<p style=\"text-align:left\"><strong>DESTINATARI DEI DATI<\/strong><\/p>\n\n\n\n<p>Comunichiamo i tuoi dati personali a terzi esclusivamente quando ci\u00f2 sia necessario e funzionale al conseguimento della finalit\u00e0 di trattamento perseguita in funzione del servizio richiesto, in ogni caso procediamo alla comunicazione solo dopo averti informato e aver raccolto il tuo consenso a farlo, ove previsto. In generale i dati raccolti attraverso i singoli servizi e per le finalit\u00e0 perseguite nella presente informativa possono essere comunicati alle seguenti categorie di soggetti:<\/p>\n\n\n\n<ul class=\"wp-block-list\"><li>Qualunque Autorit\u00e0 Pubblica alla quale la facolt\u00e0 di accedere agli stessi \u00e8 attribuita da disposizioni di legge;<\/li><li>societ\u00e0 di elaborazione dati e di servizi informatici (es. web hosting, data entry, gestione e manutenzione infrastrutture e servizi informatici, web agency, ecc.);<\/li><li>societ\u00e0 e studi eroganti servizi di consulenza per adempiere a disposizioni di legge o per tutelare interessi legittimi del Titolare;<\/li><li>Condividiamo i dati con Rezdy.com, societ\u00e0 partner che permette il funzionamento del sistema di prenotazione sul nostro sito web per mezzo di una piattaforma di booking (vedi <a href=\"https:\/\/www.rezdy.com\/privacy-policy\/\">privacy<\/a> Rezdy.com);<\/li><li>In particolare, alcuni specifici servizi erogati attraverso il nostro sito prevedono la comunicazione anche ad ulteriori categorie di soggetti quali istituti di credito o altri prestatori di servizi di pagamento;<\/li><li>Alcuni dati di navigazione vengono raccolti da terze parti come i social network nel momento in cui l\u2019utente decide di utilizzare il relativo tasto di interazione e, in alcuni casi, anche senza utilizzare il servizio di interazione. Il trattamento di detti dati \u00e8 rimessa alle policy privacy di ogni singola terza parte. In ogni caso, i siti web di terze parti accessibili da questo sito sono sotto la responsabilit\u00e0 di terze parti. Il Titolare declina ogni responsabilit\u00e0 in merito a richieste e\/o fornitura di dati personali a siti web di terze parti.<\/li><\/ul>\n\n\n\n<p style=\"text-align:left\"><strong>TRASFERIMENTO DATI IN ALTRI PAESI<\/strong><\/p>\n\n\n\n<p>I dati personali raccolti attraverso il sito web sono memorizzati e conservati all\u2019interno del territorio nazionale o in altri Paesi dell\u2019Unione Europea. I dati possono essere trasferiti in Paesi Extra UE. Se l\u2019utente desidera informazioni sul luogo di conservazione dei dati, pu\u00f2 ottenerle facendone espressa richiesta al Titolare del trattamento. In particolare, alcuni cookie ed i dati inseriti per l\u2019acquisto dei servizi attraverso la piattaforma di booking Rezdy.com vengono trasferiti e trattati negli Stati Uniti d\u2019America che, in ogni caso, sono considerati luoghi adeguati ai fini del trattamento previsto dal Reg. EU 679\/16.<\/p>\n\n\n\n<p style=\"text-align:left\"><strong>PERIODO DI CONSERVAZIONE DEI DATI<\/strong><\/p>\n\n\n\n<p>Conserviamo, adottando le opportune misure di sicurezza, i dati conferiti per il periodo necessario al raggiungimento delle finalit\u00e0 per cui sono stati raccolti, in particolare:<\/p>\n\n\n\n<ul class=\"wp-block-list\"><li>i dati raccolti e trattati per adempiere a finalit\u00e0 di legge sono conservati per il periodo previsto dalla singola disposizione di legge;<\/li><li>i dati raccolti per dare esecuzione al contratto di vendita dei servizi sono conservati per il periodo necessario a coprire il periodo di esecuzione delle relative obbligazioni e per adempiere a tutti gli obblighi previsti da ulteriori disposizioni normative.<\/li><li>i dati raccolti in occasione dell&#8217;iscrizione dell&#8217;utente alla newsletter sono conservati fino a quando l&#8217;utente non decider\u00e0 di cancellarsi dal servizio.<\/li><li>I dati raccolti in caso di utilizzo del form di contatto sono conservati per 24 mesi.<\/li><li>i dati raccolti su conferimento volontario dell\u2019utente (es. invio di e-mail agli indirizzi indicati sul sito) saranno conservati per il periodo di 24 mesi, dopo saranno cancellati.<\/li><\/ul>\n\n\n\n<p style=\"text-align:left\"><strong>PROFILAZIONE E PROCESSI DECISIONALI AUTOMATIZZATI<\/strong><\/p>\n\n\n\n<p>Streaty Tours s.r.l.s. non tratta i dati raccolti durante la navigazione per fini o attivit\u00e0 di profilazione degli utenti del sito web e non adotta sistemi decisionali basati unicamente sul trattamento automatizzato dei dati.<\/p>\n\n\n\n<p style=\"text-align:left\"><strong>NATURA DEL CONFERIMENTO DATI<\/strong><\/p>\n\n\n\n<p><em>Conferimento Obbligatorio:<\/em><br>Il conferimento dei dati richiesti \u00e8 sempre obbligatorio quando \u00e8 necessario per dare esecuzione ad un contratto o per adempiere a finalit\u00e0 di legge. In tali casi il mancato conferimento non consentir\u00e0 al Titolare di dare esecuzione alle richieste ricevute. A tal fine i campi di inserimento dati obbligatori nei moduli presenti sul sito web sono contrassegnati da un asterisco.<\/p>\n\n\n\n<p><em>Conferimento facoltativo:<\/em><br>Il mancato conferimento dei dati facoltativi presenti nei moduli di raccolta non pregiudica l\u2019ottenimento del servizio richiesto. I campi ove \u00e8 facoltativo inserire i dati sono riconoscibili in quanto non sono contrassegnati dall\u2019asterisco che contraddistingue i campi obbligatori.<\/p>\n\n\n\n<p><em>Invio volontario:<\/em><br>Quando invii spontaneamente una e-mail ad uno degli indirizzi di posta elettronica indicati sul nostro sito, acquisiamo l\u2019indirizzo mittente e gli eventuali altri dati personali che hai inserito nella missiva e negli allegati. Le caselle di posta elettronica corrispondenti agli indirizzi indicati sui nostri siti ed ogni altra casella di posta elettronica di Streaty Tours s.r.l.s., non hanno natura personale neanche quando riportano nome e\/o cognome di una persona fisica. Esse appartengono al Titolare ed hanno lo scopo primario di consentire lo svolgimento efficace delle attivit\u00e0 lavorative all\u2019interno dell\u2019azienda. Inviando una e-mail agli indirizzi di posta elettronica indicati sul sito web dichiari di aver preso visione ed accettato le condizioni di trattamento contenute nella presente informativa.<\/p>\n\n\n\n<p style=\"text-align:left\"><strong>DIRITTI DELL\u2019INTERESSATO<\/strong><\/p>\n\n\n\n<p>In qualunque momento puoi esercitare i diritti che il Regolamento (EU) n. 679\/2016 ti riconosce. In particolare, potrai esercitare, contattando il Titolare del trattamento o il Responsabile del trattamento (\u00e8 possibile avere un elenco dei Responsabili esterni nominati effettuando apposita richiesta al Titolare):<\/p>\n\n\n\n<p><strong>Diritto di Accesso (art. 15)<\/strong>. Potrai ottenere dal titolare del trattamento la conferma che sia o meno in corso un trattamento di dati personali che ti riguardano e, in tal caso, ottenere una copia dei dati oggetto del trattamento in corso; <strong>Diritto di Rettifica (art. 16)<\/strong>. Potrai ottenere la rettifica (ossia la modifica, l\u2019integrazione o l\u2019aggiornamento) dei dati personali inesatti che ti riguardano, in caso di inesattezza, incompletezza od obsolescenza; <strong>Diritto di Cancellazione (art. 17)<\/strong> (c.d. Diritto all\u2019Oblio). Puoi ottenere la cancellazione dei dati personali che ti riguardano. Il titolare del trattamento provveder\u00e0 alla cancellazione degli stessi senza ingiustificato ritardo a condizione che sussista uno dei motivi elencati nel detto art. 17; <strong>Diritto di Limitazione del Trattamento (art. 18)<\/strong>. In qualit\u00e0 di interessato, hai il diritto di ottenere la limitazione del trattamento quando ricorre una delle ipotesi elencate nell\u2019art. 18; <strong>Diritto di Opposizione (art. 21)<\/strong>. Hai il diritto di opporti in qualsiasi momento al trattamento dei dati personali che ti riguardano per motivi connessi alla tua situazione particolare e se ricorrono i presupposti previsti dall\u2019art. 21; <strong>Diritto alla Portabilit\u00e0 dei Dati (art. 20)<\/strong>. Hai il diritto di ricevere in un formato strutturato, di uso comune e leggibile da dispositivo automatico i dati personali che ti riguardano forniti a un Titolare del trattamento e hai il diritto di trasmettere tali dati a un altro Titolare del trattamento senza impedimenti da parte del Titolare del trattamento cui li ha forniti qualora ricorrono i presupposti elencati nell\u2019art. 20; <strong>Diritto alla Revoca del Consenso<\/strong>. Hai il diritto a revocare il consenso in relazione a tutti i trattamenti che si basano su di esso. Per esercitare tale diritto, senza che tale circostanza possa incidere sulla liceit\u00e0 del trattamento fino a quel momento basato sul consenso conferito, puoi in ogni momento scrivere a &#105;&#x6e;&#102;&#x6f;&#64;&#x77;w&#119;&#x2e;&#115;&#x74;&#114;&#x65;a&#x74;y&#46;&#x63;&#111;&#x6d;; <strong>Diritto di proporre reclamo al Garante<\/strong>. Ove necessario, potrai proporre reclamo all\u2019Autorit\u00e0 di controllo competente per la tutela dei diritti a te garantiti dal d.lgs. 196\/2003 e s.m.i. e dal Regolamento Europeo 679\/2016 (<a href=\"https:\/\/www.garanteprivacy.it\/\">www.garanteprivacy.it<\/a>).<\/p>\n\n\n\n<p style=\"text-align:left\"><strong>MODIFICHE ALLA PRIVACY POLICY<\/strong><\/p>\n\n\n\n<p>Il Titolare del Trattamento si riserva il diritto di apportare modifiche alla presente privacy policy in qualunque momento dandone pubblicit\u00e0 ai visitatori del sito web su questa pagina. Si invitano gli utenti a consultare spesso questa pagina, prendendo come riferimento la data di ultima modifica indicata in fondo.<\/p>\n\n\n\n<p>Data ultima revisione 07\/03\/2019<\/p>\n","protected":false},"excerpt":{"rendered":"<p>INFORMATIVA RESA AI SENSI DELL\u2019ART. 13 DEL REGOLAMENTO (EU) 679\/2016 PER IL TRATTAMENTO DEI DATI PERSONALI DELLE PERSONE FISICHE In questa informativa si rappresentano le modalit\u00e0 concrete di gestione del sito web in relazione al trattamento di dati personali degli utenti che vi si collegano. Il trattamento dei dati viene effettuato sempre seguendo i principi [&hellip;]<\/p>\n","protected":false},"author":3,"featured_media":2902,"parent":0,"menu_order":0,"comment_status":"closed","ping_status":"closed","template":"","meta":{"footnotes":""},"class_list":["post-2922","page","type-page","status-publish","has-post-thumbnail","hentry"],"featured_image_src":"https:\/\/staging.streaty.com\/wp-content\/uploads\/2019\/02\/privacy.jpg","yoast_head":"<!-- This site is optimized with the Yoast SEO plugin v27.3 - https:\/\/yoast.com\/product\/yoast-seo-wordpress\/ -->\n<title>Privacy Policy - Streaty<\/title>\n<meta name=\"robots\" content=\"noindex, follow\" \/>\n<meta property=\"og:locale\" content=\"it_IT\" \/>\n<meta property=\"og:type\" content=\"article\" \/>\n<meta property=\"og:title\" content=\"Privacy Policy - Streaty\" \/>\n<meta property=\"og:description\" content=\"INFORMATIVA RESA AI SENSI DELL\u2019ART. 13 DEL REGOLAMENTO (EU) 679\/2016 PER IL TRATTAMENTO DEI DATI PERSONALI DELLE PERSONE FISICHE In questa informativa si rappresentano le modalit\u00e0 concrete di gestione del sito web in relazione al trattamento di dati personali degli utenti che vi si collegano. Il trattamento dei dati viene effettuato sempre seguendo i principi [&hellip;]\" \/>\n<meta property=\"og:url\" content=\"https:\/\/staging.streaty.com\/privacy-policy\/\" \/>\n<meta property=\"og:site_name\" content=\"Streaty\" \/>\n<meta property=\"article:publisher\" content=\"https:\/\/www.facebook.com\/streatytours\/\" \/>\n<meta property=\"article:modified_time\" content=\"2019-03-29T15:05:07+00:00\" \/>\n<meta property=\"og:image\" content=\"https:\/\/staging.streaty.com\/wp-content\/uploads\/2019\/02\/privacy.jpg\" \/>\n\t<meta property=\"og:image:width\" content=\"1920\" \/>\n\t<meta property=\"og:image:height\" content=\"450\" \/>\n\t<meta property=\"og:image:type\" content=\"image\/jpeg\" \/>\n<meta name=\"twitter:card\" content=\"summary_large_image\" \/>\n<script type=\"application\/ld+json\" class=\"yoast-schema-graph\">{\"@context\":\"https:\\\/\\\/schema.org\",\"@graph\":[{\"@type\":\"WebPage\",\"@id\":\"https:\\\/\\\/staging.streaty.com\\\/privacy-policy\\\/\",\"url\":\"https:\\\/\\\/staging.streaty.com\\\/privacy-policy\\\/\",\"name\":\"Privacy Policy - Streaty\",\"isPartOf\":{\"@id\":\"https:\\\/\\\/staging.streaty.com\\\/#website\"},\"primaryImageOfPage\":{\"@id\":\"https:\\\/\\\/staging.streaty.com\\\/privacy-policy\\\/#primaryimage\"},\"image\":{\"@id\":\"https:\\\/\\\/staging.streaty.com\\\/privacy-policy\\\/#primaryimage\"},\"thumbnailUrl\":\"https:\\\/\\\/staging.streaty.com\\\/wp-content\\\/uploads\\\/2019\\\/02\\\/privacy.jpg\",\"datePublished\":\"2019-01-10T09:58:54+00:00\",\"dateModified\":\"2019-03-29T15:05:07+00:00\",\"inLanguage\":\"it-IT\",\"potentialAction\":[{\"@type\":\"ReadAction\",\"target\":[\"https:\\\/\\\/staging.streaty.com\\\/privacy-policy\\\/\"]}]},{\"@type\":\"ImageObject\",\"inLanguage\":\"it-IT\",\"@id\":\"https:\\\/\\\/staging.streaty.com\\\/privacy-policy\\\/#primaryimage\",\"url\":\"https:\\\/\\\/staging.streaty.com\\\/wp-content\\\/uploads\\\/2019\\\/02\\\/privacy.jpg\",\"contentUrl\":\"https:\\\/\\\/staging.streaty.com\\\/wp-content\\\/uploads\\\/2019\\\/02\\\/privacy.jpg\",\"width\":1920,\"height\":450},{\"@type\":\"WebSite\",\"@id\":\"https:\\\/\\\/staging.streaty.com\\\/#website\",\"url\":\"https:\\\/\\\/staging.streaty.com\\\/\",\"name\":\"Streaty\",\"description\":\"\",\"publisher\":{\"@id\":\"https:\\\/\\\/staging.streaty.com\\\/#organization\"},\"potentialAction\":[{\"@type\":\"SearchAction\",\"target\":{\"@type\":\"EntryPoint\",\"urlTemplate\":\"https:\\\/\\\/staging.streaty.com\\\/?s={search_term_string}\"},\"query-input\":{\"@type\":\"PropertyValueSpecification\",\"valueRequired\":true,\"valueName\":\"search_term_string\"}}],\"inLanguage\":\"it-IT\"},{\"@type\":\"Organization\",\"@id\":\"https:\\\/\\\/staging.streaty.com\\\/#organization\",\"name\":\"Streaty\",\"url\":\"https:\\\/\\\/staging.streaty.com\\\/\",\"logo\":{\"@type\":\"ImageObject\",\"inLanguage\":\"it-IT\",\"@id\":\"https:\\\/\\\/staging.streaty.com\\\/#\\\/schema\\\/logo\\\/image\\\/\",\"url\":\"https:\\\/\\\/streaty.com\\\/wp-content\\\/uploads\\\/2022\\\/08\\\/streaty.jpg\",\"contentUrl\":\"https:\\\/\\\/streaty.com\\\/wp-content\\\/uploads\\\/2022\\\/08\\\/streaty.jpg\",\"width\":564,\"height\":481,\"caption\":\"Streaty\"},\"image\":{\"@id\":\"https:\\\/\\\/staging.streaty.com\\\/#\\\/schema\\\/logo\\\/image\\\/\"},\"sameAs\":[\"https:\\\/\\\/www.facebook.com\\\/streatytours\\\/\",\"https:\\\/\\\/www.instagram.com\\\/streatytours\\\/\"]}]}<\/script>\n<!-- \/ Yoast SEO plugin. -->","yoast_head_json":{"title":"Privacy Policy - Streaty","robots":{"index":"noindex","follow":"follow"},"og_locale":"it_IT","og_type":"article","og_title":"Privacy Policy - Streaty","og_description":"INFORMATIVA RESA AI SENSI DELL\u2019ART. 13 DEL REGOLAMENTO (EU) 679\/2016 PER IL TRATTAMENTO DEI DATI PERSONALI DELLE PERSONE FISICHE In questa informativa si rappresentano le modalit\u00e0 concrete di gestione del sito web in relazione al trattamento di dati personali degli utenti che vi si collegano. Il trattamento dei dati viene effettuato sempre seguendo i principi [&hellip;]","og_url":"https:\/\/staging.streaty.com\/privacy-policy\/","og_site_name":"Streaty","article_publisher":"https:\/\/www.facebook.com\/streatytours\/","article_modified_time":"2019-03-29T15:05:07+00:00","og_image":[{"width":1920,"height":450,"url":"https:\/\/staging.streaty.com\/wp-content\/uploads\/2019\/02\/privacy.jpg","type":"image\/jpeg"}],"twitter_card":"summary_large_image","schema":{"@context":"https:\/\/schema.org","@graph":[{"@type":"WebPage","@id":"https:\/\/staging.streaty.com\/privacy-policy\/","url":"https:\/\/staging.streaty.com\/privacy-policy\/","name":"Privacy Policy - Streaty","isPartOf":{"@id":"https:\/\/staging.streaty.com\/#website"},"primaryImageOfPage":{"@id":"https:\/\/staging.streaty.com\/privacy-policy\/#primaryimage"},"image":{"@id":"https:\/\/staging.streaty.com\/privacy-policy\/#primaryimage"},"thumbnailUrl":"https:\/\/staging.streaty.com\/wp-content\/uploads\/2019\/02\/privacy.jpg","datePublished":"2019-01-10T09:58:54+00:00","dateModified":"2019-03-29T15:05:07+00:00","inLanguage":"it-IT","potentialAction":[{"@type":"ReadAction","target":["https:\/\/staging.streaty.com\/privacy-policy\/"]}]},{"@type":"ImageObject","inLanguage":"it-IT","@id":"https:\/\/staging.streaty.com\/privacy-policy\/#primaryimage","url":"https:\/\/staging.streaty.com\/wp-content\/uploads\/2019\/02\/privacy.jpg","contentUrl":"https:\/\/staging.streaty.com\/wp-content\/uploads\/2019\/02\/privacy.jpg","width":1920,"height":450},{"@type":"WebSite","@id":"https:\/\/staging.streaty.com\/#website","url":"https:\/\/staging.streaty.com\/","name":"Streaty","description":"","publisher":{"@id":"https:\/\/staging.streaty.com\/#organization"},"potentialAction":[{"@type":"SearchAction","target":{"@type":"EntryPoint","urlTemplate":"https:\/\/staging.streaty.com\/?s={search_term_string}"},"query-input":{"@type":"PropertyValueSpecification","valueRequired":true,"valueName":"search_term_string"}}],"inLanguage":"it-IT"},{"@type":"Organization","@id":"https:\/\/staging.streaty.com\/#organization","name":"Streaty","url":"https:\/\/staging.streaty.com\/","logo":{"@type":"ImageObject","inLanguage":"it-IT","@id":"https:\/\/staging.streaty.com\/#\/schema\/logo\/image\/","url":"https:\/\/streaty.com\/wp-content\/uploads\/2022\/08\/streaty.jpg","contentUrl":"https:\/\/streaty.com\/wp-content\/uploads\/2022\/08\/streaty.jpg","width":564,"height":481,"caption":"Streaty"},"image":{"@id":"https:\/\/staging.streaty.com\/#\/schema\/logo\/image\/"},"sameAs":["https:\/\/www.facebook.com\/streatytours\/","https:\/\/www.instagram.com\/streatytours\/"]}]}},"_links":{"self":[{"href":"https:\/\/staging.streaty.com\/it\/wp-json\/wp\/v2\/pages\/2922","targetHints":{"allow":["GET"]}}],"collection":[{"href":"https:\/\/staging.streaty.com\/it\/wp-json\/wp\/v2\/pages"}],"about":[{"href":"https:\/\/staging.streaty.com\/it\/wp-json\/wp\/v2\/types\/page"}],"author":[{"embeddable":true,"href":"https:\/\/staging.streaty.com\/it\/wp-json\/wp\/v2\/users\/3"}],"replies":[{"embeddable":true,"href":"https:\/\/staging.streaty.com\/it\/wp-json\/wp\/v2\/comments?post=2922"}],"version-history":[{"count":7,"href":"https:\/\/staging.streaty.com\/it\/wp-json\/wp\/v2\/pages\/2922\/revisions"}],"predecessor-version":[{"id":3141,"href":"https:\/\/staging.streaty.com\/it\/wp-json\/wp\/v2\/pages\/2922\/revisions\/3141"}],"wp:featuredmedia":[{"embeddable":true,"href":"https:\/\/staging.streaty.com\/it\/wp-json\/wp\/v2\/media\/2902"}],"wp:attachment":[{"href":"https:\/\/staging.streaty.com\/it\/wp-json\/wp\/v2\/media?parent=2922"}],"curies":[{"name":"wp","href":"https:\/\/api.w.org\/{rel}","templated":true}]}}