{"id":3013,"date":"2019-03-25T13:04:10","date_gmt":"2019-03-25T12:04:10","guid":{"rendered":"http:\/\/www.streaty.com\/?page_id=3013"},"modified":"2019-03-29T12:52:26","modified_gmt":"2019-03-29T11:52:26","slug":"tour-policy","status":"publish","type":"page","link":"https:\/\/staging.streaty.com\/it\/tour-policy\/","title":{"rendered":"Tour Policy"},"content":{"rendered":"\n<p>Ciao Streaties, <br>vi invitiamo a leggere con attenzione i contenuti di questa pagina. Vi sar\u00e0 richiesto di accettare le condizioni di cui sotto al momento della prenotazione. Per qualsiasi chiarimento, restiamo a vostra disposizione!<\/p>\n<p><strong>Accessibilit\u00e0<\/strong><br>Il tour non \u00e8 accessibile ai viaggiatori in sedia a rotelle. Il tour non \u00e8 adatto ai viaggiatori con mobilit\u00e0 ridotta. I posti a sedere non sono mai garantiti durante il tour. <br>L\u2019offerta gastronomica non \u00e8 adatta ai vegani, celiaci ed allergici ai latticini. In tutti questi casi \u00e8 comunque possibile organizzare un tour privato.<\/p>\n<p><strong>Abbigliamento consigliato<\/strong><br>Vi consigliamo vivamente di vestire scarpe comode e coperte. In estate \u00e8 bene coprirsi il capo con un berretto e dotarsi di bottiglietta d&#8217;acqua personale. I luoghi visitati durante i tour di Streaty sono sicuri. In ogni caso, \u00e8 sempre meglio non indossare gioielli molto vistosi.<\/p>\n<p><strong>Informazioni e regole su cibo e bevande<\/strong><\/p>\n<ul>\n<li>Prenotando con Streaty dichiari di essere consapevole di quanto segue.<\/li>\n<li>Il cibo di strada italiano \u00e8 in gran parte fritto.<\/li>\n<li>Le guide Streaty offrono assaggi alternatvi solo a vegetariani e allergici a particolari alimenti che hanno comunicato esigenze specifiche al momento della prenotazione.<\/li>\n<li>La quasi totalit\u00e0 del cibo contiene glutine e\/o latticini.<\/li>\n<li>Il cibo di strada si consuma con mani e tovaglioli (no posate).<\/li>\n<li>Il tour di Streaty non includono bottiglietta d\u2019acqua personale.<\/li>\n<li>Il cibo di strada viene servito in modeste friggitorie e presso ambulanti.<\/li>\n<li>Cibo e quantit\u00e0 offerte direttamente dalla guida sono da considerarsi incluse nel pacchetto. Eventuali extra o richieste di bis saranno a carico dei clienti.<\/li>\n<li>Il Passaporto del Mangione \u00e8 un semplice souvenir.<\/li>\n<li>Alcuni pietanze riportate nel passaporto potrebbero non essere disponibili il giorno del tour.<\/li>\n<li>L&#8217;et\u00e0 minima per la somministrazione dell&#8217;alcol in Italia \u00e8 di 18 anni.<\/li>\n<li>E&#8217; responsabilit\u00e0 individuale dei partecipanti quella di saper gestire la propria tolleranza alle bevande alcoliche.<\/li>\n<\/ul>\n<p><strong>Fumo<\/strong><\/p>\n<ul>\n<li>Non \u00e8 consentito fumare durante le degustazioni. I partecipanti possono fumare all&#8217;aria aperta tenendosi a dovuta distanza e assicurandosi che il fumo non dia fastidio al resto del gruppo.<\/li>\n<\/ul>\n<p><strong>Animali domestici<\/strong><\/p>\n<ul>\n<li>Gli animali domestici sono ammessi solo in tour privati.<\/li>\n<\/ul>\n<p><strong>Venditori<\/strong><br>le degustazioni si effettuano presso ambulanti di strada, taverne, friggitorie e rosticcerie a conduzione familiare. I bagni sono spesso stretti, sporchi e mancano di carta igienica.<\/p>\n<p><strong>Cancellazioni e rimborsi<\/strong> <br>Streaty adotta una politica di cancellazione di 3 giorni. Ci\u00f2 significa che, se il tuo tour \u00e8 in programma per sabato, puoi richiedere la cancellazione della prenotazione e conseguente rimborso totale dell&#8217;ammontare pagato, entro e non oltre le 23:59 del mercoled\u00ec precedente inviando una e-mail a <a href=\"&#109;&#x61;&#105;&#x6c;t&#111;&#x3a;&#105;&#x6e;f&#x6f;&#64;&#119;&#x77;&#119;&#x2e;s&#x74;&#x72;&#101;&#x61;t&#x79;&#46;&#99;&#x6f;&#109;\">&#105;n&#102;o&#64;w&#x77;w&#x2e;s&#x74;r&#x65;a&#x74;y&#x2e;c&#x6f;m<\/a>. Non saranno prese in considerazione richieste di cancellazione inviate secondo altre modalit\u00e0.<br>Le notifiche di cancellazione inviate per tempo saranno interamente rimborsate. Una volta scaduti i termini invece, non \u00e8 previsto alcun tipo di rimborso, n\u00e9 di risarcimento.<br>Tale politica viene adottata anche in caso di cancellazione parziale. Ci\u00f2 significa che, se hai riservato due o pi\u00f9 posti, e uno dei tuoi compagni di viaggio si trova impossibilitato a partecipare, la richiesta di rimborso di una o pi\u00f9 quote di partecipazione deve essere notificata secondo le condizioni sopra esposte.<\/p>\n<p><strong>Politica d&#8217;attesa<\/strong><br>Prenotando con Streaty dichiari di accettare la nostra politica d&#8217;attesa. Al punto d&#8217;incontro, le guide Streaty attenderanno gli eventuali ritardatari per un massimo di dieci minuti, trascorsi i quali, il tour avr\u00e0 inizio e non sar\u00e0 loro garantita una seconda chance per raggiungere il gruppo.<br>In caso di ritardi, non \u00e8 prevista alcuna forma di rimborso, n\u00e9 di risarcimento.<\/p>\n<p><strong>Privacy policy GDPR<\/strong><br>Tutte le informazioni personali fornite allo staff Streaty vengono trattate con massima riservatezza. Il numero di cellulare viene richiesto solo per completare il processo di prenotazione e viene utilizzato dallo staff solo in caso di comunicazioni importanti e urgenti legate al prodotto acquistato.<br>Prenotando con Streaty, offre inoltre il consenso a pubblicare le fotografie scattate durante il tour nelle pagine social del brand Streaty (facebook, twitter, instagram, youtube) e nel sito web www.streaty.com.<br>Lo staff Streaty si impegna a non pubblicare alcuna foto ritraente soggetti di minore et\u00e0 senza che sia stato espresso il consenso scritto o verbale da parte del genitore o dell\u2019adulto che accompagna il minore in tour.<\/p>\n<p><strong>Responsabilit\u00e0 in caso di infortuni e malattie<\/strong><br>Prenotando con Streaty, accetti di partecipare ad un tour a tuo rischio e pericolo. <br>Dichiari di sollevare Streaty, il suo staff e le sue guide, da ogni responsabilit\u00e0 per eventuali infortuni, furti, smarrimento oggetti personali, malattie o morte, verificatesi durante il tour o insorte in seguito alla partecipazione ad esso.<br>Streaty non \u00e8 responsabile per la qualit\u00e0 del cibo e delle bevande offerte durante l\u2019itinerario. I fornitori cibo e bevande sono i soli responsabili al cospetto della legge in materia di preparazione, conservazione e vendita dei prodotti alimentari. Sono pertanto tenuti devono osservare tutti gli standard qualitativi legati all\u2019industria del cibo secondo la legislazione italiana. Non \u00e8 dovere n\u00e9 responsabilit\u00e0 di Streaty supervisionare il rispetto degli standard di legge legati alla manipolazione, conservazione e vendita del cibo. Prenotando con Streaty, dichiara di sollevare Streaty, il suo staff e le sue guide da qualsiasi responsabilit\u00e0 legata a malattie e\/o reazioni allergiche presumibilmente causate dall\u2019ingestione di cibo e bevande.<br>In fase di prenotazione, Streaty richiede a tutti i partecipanti di fornire informazioni legate ad allergie, intolleranze alimentari o altre specifiche indicazioni dietetiche, al solo scopo di poter offrire degli assaggi alternativi. E\u2019 nell\u2019interesse del cliente fornire tali informazioni in maniera puntuale e dettagliata.<\/p>\n","protected":false},"excerpt":{"rendered":"","protected":false},"author":3,"featured_media":2906,"parent":0,"menu_order":0,"comment_status":"closed","ping_status":"closed","template":"","meta":{"footnotes":""},"class_list":["post-3013","page","type-page","status-publish","has-post-thumbnail","hentry"],"featured_image_src":"https:\/\/staging.streaty.com\/wp-content\/uploads\/2019\/02\/terms.jpg","yoast_head":"<!-- This site is optimized with the Yoast SEO plugin v27.3 - https:\/\/yoast.com\/product\/yoast-seo-wordpress\/ -->\n<title>Tour Policy - Streaty<\/title>\n<meta name=\"robots\" content=\"noindex, follow\" \/>\n<meta property=\"og:locale\" content=\"it_IT\" \/>\n<meta property=\"og:type\" content=\"article\" \/>\n<meta property=\"og:title\" content=\"Tour Policy - Streaty\" \/>\n<meta property=\"og:url\" content=\"https:\/\/staging.streaty.com\/tour-policy\/\" \/>\n<meta property=\"og:site_name\" content=\"Streaty\" \/>\n<meta property=\"article:publisher\" content=\"https:\/\/www.facebook.com\/streatytours\/\" \/>\n<meta property=\"article:modified_time\" content=\"2019-03-29T11:52:26+00:00\" \/>\n<meta property=\"og:image\" content=\"https:\/\/staging.streaty.com\/wp-content\/uploads\/2019\/02\/terms.jpg\" \/>\n\t<meta property=\"og:image:width\" content=\"1920\" \/>\n\t<meta property=\"og:image:height\" content=\"450\" \/>\n\t<meta property=\"og:image:type\" content=\"image\/jpeg\" \/>\n<meta name=\"twitter:card\" content=\"summary_large_image\" \/>\n<script type=\"application\/ld+json\" class=\"yoast-schema-graph\">{\"@context\":\"https:\\\/\\\/schema.org\",\"@graph\":[{\"@type\":\"WebPage\",\"@id\":\"https:\\\/\\\/staging.streaty.com\\\/tour-policy\\\/\",\"url\":\"https:\\\/\\\/staging.streaty.com\\\/tour-policy\\\/\",\"name\":\"Tour Policy - Streaty\",\"isPartOf\":{\"@id\":\"https:\\\/\\\/staging.streaty.com\\\/#website\"},\"primaryImageOfPage\":{\"@id\":\"https:\\\/\\\/staging.streaty.com\\\/tour-policy\\\/#primaryimage\"},\"image\":{\"@id\":\"https:\\\/\\\/staging.streaty.com\\\/tour-policy\\\/#primaryimage\"},\"thumbnailUrl\":\"https:\\\/\\\/staging.streaty.com\\\/wp-content\\\/uploads\\\/2019\\\/02\\\/terms.jpg\",\"datePublished\":\"2019-03-25T12:04:10+00:00\",\"dateModified\":\"2019-03-29T11:52:26+00:00\",\"inLanguage\":\"it-IT\",\"potentialAction\":[{\"@type\":\"ReadAction\",\"target\":[\"https:\\\/\\\/staging.streaty.com\\\/tour-policy\\\/\"]}]},{\"@type\":\"ImageObject\",\"inLanguage\":\"it-IT\",\"@id\":\"https:\\\/\\\/staging.streaty.com\\\/tour-policy\\\/#primaryimage\",\"url\":\"https:\\\/\\\/staging.streaty.com\\\/wp-content\\\/uploads\\\/2019\\\/02\\\/terms.jpg\",\"contentUrl\":\"https:\\\/\\\/staging.streaty.com\\\/wp-content\\\/uploads\\\/2019\\\/02\\\/terms.jpg\",\"width\":1920,\"height\":450},{\"@type\":\"WebSite\",\"@id\":\"https:\\\/\\\/staging.streaty.com\\\/#website\",\"url\":\"https:\\\/\\\/staging.streaty.com\\\/\",\"name\":\"Streaty\",\"description\":\"\",\"publisher\":{\"@id\":\"https:\\\/\\\/staging.streaty.com\\\/#organization\"},\"potentialAction\":[{\"@type\":\"SearchAction\",\"target\":{\"@type\":\"EntryPoint\",\"urlTemplate\":\"https:\\\/\\\/staging.streaty.com\\\/?s={search_term_string}\"},\"query-input\":{\"@type\":\"PropertyValueSpecification\",\"valueRequired\":true,\"valueName\":\"search_term_string\"}}],\"inLanguage\":\"it-IT\"},{\"@type\":\"Organization\",\"@id\":\"https:\\\/\\\/staging.streaty.com\\\/#organization\",\"name\":\"Streaty\",\"url\":\"https:\\\/\\\/staging.streaty.com\\\/\",\"logo\":{\"@type\":\"ImageObject\",\"inLanguage\":\"it-IT\",\"@id\":\"https:\\\/\\\/staging.streaty.com\\\/#\\\/schema\\\/logo\\\/image\\\/\",\"url\":\"https:\\\/\\\/streaty.com\\\/wp-content\\\/uploads\\\/2022\\\/08\\\/streaty.jpg\",\"contentUrl\":\"https:\\\/\\\/streaty.com\\\/wp-content\\\/uploads\\\/2022\\\/08\\\/streaty.jpg\",\"width\":564,\"height\":481,\"caption\":\"Streaty\"},\"image\":{\"@id\":\"https:\\\/\\\/staging.streaty.com\\\/#\\\/schema\\\/logo\\\/image\\\/\"},\"sameAs\":[\"https:\\\/\\\/www.facebook.com\\\/streatytours\\\/\",\"https:\\\/\\\/www.instagram.com\\\/streatytours\\\/\"]}]}<\/script>\n<!-- \/ Yoast SEO plugin. -->","yoast_head_json":{"title":"Tour Policy - Streaty","robots":{"index":"noindex","follow":"follow"},"og_locale":"it_IT","og_type":"article","og_title":"Tour Policy - Streaty","og_url":"https:\/\/staging.streaty.com\/tour-policy\/","og_site_name":"Streaty","article_publisher":"https:\/\/www.facebook.com\/streatytours\/","article_modified_time":"2019-03-29T11:52:26+00:00","og_image":[{"width":1920,"height":450,"url":"https:\/\/staging.streaty.com\/wp-content\/uploads\/2019\/02\/terms.jpg","type":"image\/jpeg"}],"twitter_card":"summary_large_image","schema":{"@context":"https:\/\/schema.org","@graph":[{"@type":"WebPage","@id":"https:\/\/staging.streaty.com\/tour-policy\/","url":"https:\/\/staging.streaty.com\/tour-policy\/","name":"Tour Policy - Streaty","isPartOf":{"@id":"https:\/\/staging.streaty.com\/#website"},"primaryImageOfPage":{"@id":"https:\/\/staging.streaty.com\/tour-policy\/#primaryimage"},"image":{"@id":"https:\/\/staging.streaty.com\/tour-policy\/#primaryimage"},"thumbnailUrl":"https:\/\/staging.streaty.com\/wp-content\/uploads\/2019\/02\/terms.jpg","datePublished":"2019-03-25T12:04:10+00:00","dateModified":"2019-03-29T11:52:26+00:00","inLanguage":"it-IT","potentialAction":[{"@type":"ReadAction","target":["https:\/\/staging.streaty.com\/tour-policy\/"]}]},{"@type":"ImageObject","inLanguage":"it-IT","@id":"https:\/\/staging.streaty.com\/tour-policy\/#primaryimage","url":"https:\/\/staging.streaty.com\/wp-content\/uploads\/2019\/02\/terms.jpg","contentUrl":"https:\/\/staging.streaty.com\/wp-content\/uploads\/2019\/02\/terms.jpg","width":1920,"height":450},{"@type":"WebSite","@id":"https:\/\/staging.streaty.com\/#website","url":"https:\/\/staging.streaty.com\/","name":"Streaty","description":"","publisher":{"@id":"https:\/\/staging.streaty.com\/#organization"},"potentialAction":[{"@type":"SearchAction","target":{"@type":"EntryPoint","urlTemplate":"https:\/\/staging.streaty.com\/?s={search_term_string}"},"query-input":{"@type":"PropertyValueSpecification","valueRequired":true,"valueName":"search_term_string"}}],"inLanguage":"it-IT"},{"@type":"Organization","@id":"https:\/\/staging.streaty.com\/#organization","name":"Streaty","url":"https:\/\/staging.streaty.com\/","logo":{"@type":"ImageObject","inLanguage":"it-IT","@id":"https:\/\/staging.streaty.com\/#\/schema\/logo\/image\/","url":"https:\/\/streaty.com\/wp-content\/uploads\/2022\/08\/streaty.jpg","contentUrl":"https:\/\/streaty.com\/wp-content\/uploads\/2022\/08\/streaty.jpg","width":564,"height":481,"caption":"Streaty"},"image":{"@id":"https:\/\/staging.streaty.com\/#\/schema\/logo\/image\/"},"sameAs":["https:\/\/www.facebook.com\/streatytours\/","https:\/\/www.instagram.com\/streatytours\/"]}]}},"_links":{"self":[{"href":"https:\/\/staging.streaty.com\/it\/wp-json\/wp\/v2\/pages\/3013","targetHints":{"allow":["GET"]}}],"collection":[{"href":"https:\/\/staging.streaty.com\/it\/wp-json\/wp\/v2\/pages"}],"about":[{"href":"https:\/\/staging.streaty.com\/it\/wp-json\/wp\/v2\/types\/page"}],"author":[{"embeddable":true,"href":"https:\/\/staging.streaty.com\/it\/wp-json\/wp\/v2\/users\/3"}],"replies":[{"embeddable":true,"href":"https:\/\/staging.streaty.com\/it\/wp-json\/wp\/v2\/comments?post=3013"}],"version-history":[{"count":10,"href":"https:\/\/staging.streaty.com\/it\/wp-json\/wp\/v2\/pages\/3013\/revisions"}],"predecessor-version":[{"id":3137,"href":"https:\/\/staging.streaty.com\/it\/wp-json\/wp\/v2\/pages\/3013\/revisions\/3137"}],"wp:featuredmedia":[{"embeddable":true,"href":"https:\/\/staging.streaty.com\/it\/wp-json\/wp\/v2\/media\/2906"}],"wp:attachment":[{"href":"https:\/\/staging.streaty.com\/it\/wp-json\/wp\/v2\/media?parent=3013"}],"curies":[{"name":"wp","href":"https:\/\/api.w.org\/{rel}","templated":true}]}}