{"id":3043,"date":"2019-03-26T12:17:35","date_gmt":"2019-03-26T11:17:35","guid":{"rendered":"http:\/\/www.streaty.com\/?page_id=3043"},"modified":"2019-04-15T15:04:37","modified_gmt":"2019-04-15T13:04:37","slug":"pagamenti-e-resi","status":"publish","type":"page","link":"https:\/\/staging.streaty.com\/it\/pagamenti-e-resi\/","title":{"rendered":"Pagamenti e resi"},"content":{"rendered":"\n<p><em><strong>Modalit\u00e0 di Pagamento dei Prodotti Acquistati<\/strong><\/em><\/p>\n<p>Durante la procedura di acquisto e in fase di checkout ti viene chiesto di selezionare la modalit\u00e0 di pagamento tra quelle messe a disposizione dal sito web. Streaty Tours srls non applica commissioni per il metodo di pagamento selezionato.<\/p>\n<p>Il pagamento dei prodotti potr\u00e0 essere eseguito mediante uno dei seguenti sistemi:<\/p>\n<ul>\n<li>PayPal (anche con carta di credito per chi non possiede un conto PayPal)<\/li>\n<li>Carta di Credito<\/li>\n<li>Bonifico bancario<\/li>\n<\/ul>\n<p>Il Cliente potr\u00e0 utilizzare la carta di credito anche attraverso il servizio di PayPal che consente a chi non ha un conto PayPal di effettuare pagamenti sicuri senza bisogno di registrarsi. Con PayPal puoi pagare sia se hai un conto PayPal oppure una carta di credito\/prepagata. PayPal \u00e8 un sistema di pagamento rapido e sicuro, ad ogni transazione eseguita con questo sistema verr\u00e0 inviata una e-mail di conferma da PayPal.<br \/>Il pagamento con carta di credito o con altro sistema telematico avviene direttamente su server protetto e criptato in modo da garantirne la totale sicurezza della transazione ed \u00e8 gestito direttamente dall\u2019istituto bancario o da gestore del servizio di pagamento selezionato. Streaty Tours srls non ha accesso ai dati della carta di credito n\u00e9 al momento dell&#8217;invio del pagamento n\u00e9 successivamente.<br \/>Puoi pagare il servizio acquistato anche con bonifico bancario. In questo caso dovrai inviare una richiesta a <a href=\"&#x6d;a&#x69;&#108;&#x74;&#111;&#x3a;&#x69;n&#x66;&#111;&#x40;&#119;&#x77;&#119;&#46;&#x73;&#116;&#x72;&#101;&#x61;&#116;y&#x2e;&#99;&#x6f;&#109;\">i&#110;&#x66;&#x6f;&#x40;w&#119;&#x77;&#x2e;&#x73;t&#114;&#x65;&#x61;&#x74;y&#46;&#x63;&#x6f;&#x6d;<\/a> e seguire le indicazioni che ti verranno fornite. Tuttavia, in tale caso, l\u2019ordine di acquisto del servizio coincider\u00e0 con la data effettiva di accredito.<br \/>Streaty Tours srls non utilizza nel proprio sito web opzioni prestabilite che devi rifiutare per evitare il pagamento di commissioni o costi supplementari.<\/p>\n<p><em><strong>Recesso e Sostituzioni<\/strong><\/em><\/p>\n<p>Il Cliente consumatore pu\u00f2 recedere dall\u2019acquisto del servizio turistico fino a tre giorni prima del tour senza penali e senza dovere indicare alcuna motivazione. Oltrepassato detto termine, qualunque sia il motivo della richiesta di cancellazione, il Cliente consumatore perde il diritto di recedere dal servizio acquistato e l\u2019importo pagato al momento dell\u2019acquisto sar\u00e0 interamente trattenuto da Streaty Tours srls quale penale di cancellazione. I servizi turistici acquistati a meno di tre giorni dalla loro esecuzione escludono qualsiasi possibilit\u00e0 di recesso o cancellazione. I tour vengono effettuati sia in caso di bello che di cattivo tempo. Streaty Tours si riserva il diritto di cancellare un tour in caso di elevato rischio di pericolo l&#8217;incolumit\u00e0 dei partecipanti.<\/p>\n<p>Nel caso di esercizio del diritto di recesso, Streaty Tours srls effettuer\u00e0 il rimborso sullo stesso mezzo di pagamento usato dal consumatore e, ove ci\u00f2 non fosse possibile, il consumatore sar\u00e0 invitato da Streaty Tours srls a fornire un diverso mezzo abilitato a ricevere il rimborso.<br \/>Al Cliente professionista non \u00e8 consentito recedere dal servizio acquistato.<br \/>Il Cliente consumatore o professionista che acquista un servizio turistico per se e\/o per altri soggetti pu\u00f2 sostituire uno o pi\u00f9 soggetti con altri entro tre giorni dall\u2019esecuzione del tour. A meno di tre giorni dall\u2019esecuzione del tour gastronomico scelto non \u00e8 possibile effettuare alcuna sostituzione dei soggetti partecipanti.<\/p>\n<p><em>Se hai effettuato l\u2019acquisto di un servizio e vuoi esercitare il Diritto di Recesso segui le brevi indicazioni sotto riportate e scopri come fare.<\/em><\/p>\n<p>Quando acquisti un servizio e rivesti la qualit\u00e0 di \u201cconsumatore\u201d hai diritto di recedere dal contratto, senza penalit\u00e0 e senza specificarne il motivo fino a tre giorni prima della data prevista per l\u2019esecuzione del servizio. Se hai effettuato un acquisto nella qualit\u00e0 di professionista non puoi accedere al diritto di recesso.<br \/>Potrai esercitare il recesso inviando una raccomandata con ricevuta di ritorno o, pi\u00f9 semplicemente, puoi inviare una e-mail all\u2019indirizzo <a href=\"&#x6d;&#x61;&#105;&#108;&#116;o&#x3a;&#x69;&#x6e;&#102;&#111;&#64;w&#x77;&#x77;&#x2e;&#115;&#116;r&#x65;&#x61;&#x74;&#121;&#46;&#99;o&#x6d;\">&#x69;&#110;&#x66;&#x6f;&#64;&#x77;&#119;w&#x2e;&#115;t&#x72;&#101;&#x61;&#x74;y&#x2e;&#99;o&#x6d;<\/a>. <br \/>Ricevuta la richiesta di recesso e valutati i presupposti di validit\u00e0, effettueremo il rimborso sullo stesso mezzo di pagamento che hai utilizzato per l\u2019acquisto e, se ci\u00f2 fosse troppo difficoltoso, ti chiederemo di indicarci un mezzo alternativo per ricevere il pagamento.<\/p>\n","protected":false},"excerpt":{"rendered":"","protected":false},"author":3,"featured_media":2906,"parent":0,"menu_order":0,"comment_status":"closed","ping_status":"closed","template":"","meta":{"footnotes":""},"class_list":["post-3043","page","type-page","status-publish","has-post-thumbnail","hentry"],"featured_image_src":"https:\/\/staging.streaty.com\/wp-content\/uploads\/2019\/02\/terms.jpg","yoast_head":"<!-- This site is optimized with the Yoast SEO plugin v27.3 - https:\/\/yoast.com\/product\/yoast-seo-wordpress\/ -->\n<title>Pagamenti e resi - Streaty<\/title>\n<meta name=\"robots\" content=\"noindex, follow, max-snippet:-1, max-image-preview:large, max-video-preview:-1\" \/>\n<meta property=\"og:locale\" content=\"it_IT\" \/>\n<meta property=\"og:type\" content=\"article\" \/>\n<meta property=\"og:title\" content=\"Pagamenti e resi - Streaty\" \/>\n<meta property=\"og:url\" content=\"https:\/\/staging.streaty.com\/payments-and-refund\/\" \/>\n<meta property=\"og:site_name\" content=\"Streaty\" \/>\n<meta property=\"article:publisher\" content=\"https:\/\/www.facebook.com\/streatytours\/\" \/>\n<meta property=\"article:modified_time\" content=\"2019-04-15T13:04:37+00:00\" \/>\n<meta property=\"og:image\" content=\"https:\/\/staging.streaty.com\/wp-content\/uploads\/2019\/02\/terms.jpg\" \/>\n\t<meta property=\"og:image:width\" content=\"1920\" \/>\n\t<meta property=\"og:image:height\" content=\"450\" \/>\n\t<meta property=\"og:image:type\" content=\"image\/jpeg\" \/>\n<meta name=\"twitter:card\" content=\"summary_large_image\" \/>\n<script type=\"application\/ld+json\" class=\"yoast-schema-graph\">{\"@context\":\"https:\\\/\\\/schema.org\",\"@graph\":[{\"@type\":\"WebPage\",\"@id\":\"https:\\\/\\\/staging.streaty.com\\\/payments-and-refund\\\/\",\"url\":\"https:\\\/\\\/staging.streaty.com\\\/payments-and-refund\\\/\",\"name\":\"Pagamenti e resi - Streaty\",\"isPartOf\":{\"@id\":\"https:\\\/\\\/staging.streaty.com\\\/#website\"},\"primaryImageOfPage\":{\"@id\":\"https:\\\/\\\/staging.streaty.com\\\/payments-and-refund\\\/#primaryimage\"},\"image\":{\"@id\":\"https:\\\/\\\/staging.streaty.com\\\/payments-and-refund\\\/#primaryimage\"},\"thumbnailUrl\":\"https:\\\/\\\/staging.streaty.com\\\/wp-content\\\/uploads\\\/2019\\\/02\\\/terms.jpg\",\"datePublished\":\"2019-03-26T11:17:35+00:00\",\"dateModified\":\"2019-04-15T13:04:37+00:00\",\"inLanguage\":\"it-IT\",\"potentialAction\":[{\"@type\":\"ReadAction\",\"target\":[\"https:\\\/\\\/staging.streaty.com\\\/payments-and-refund\\\/\"]}]},{\"@type\":\"ImageObject\",\"inLanguage\":\"it-IT\",\"@id\":\"https:\\\/\\\/staging.streaty.com\\\/payments-and-refund\\\/#primaryimage\",\"url\":\"https:\\\/\\\/staging.streaty.com\\\/wp-content\\\/uploads\\\/2019\\\/02\\\/terms.jpg\",\"contentUrl\":\"https:\\\/\\\/staging.streaty.com\\\/wp-content\\\/uploads\\\/2019\\\/02\\\/terms.jpg\",\"width\":1920,\"height\":450},{\"@type\":\"WebSite\",\"@id\":\"https:\\\/\\\/staging.streaty.com\\\/#website\",\"url\":\"https:\\\/\\\/staging.streaty.com\\\/\",\"name\":\"Streaty\",\"description\":\"\",\"publisher\":{\"@id\":\"https:\\\/\\\/staging.streaty.com\\\/#organization\"},\"potentialAction\":[{\"@type\":\"SearchAction\",\"target\":{\"@type\":\"EntryPoint\",\"urlTemplate\":\"https:\\\/\\\/staging.streaty.com\\\/?s={search_term_string}\"},\"query-input\":{\"@type\":\"PropertyValueSpecification\",\"valueRequired\":true,\"valueName\":\"search_term_string\"}}],\"inLanguage\":\"it-IT\"},{\"@type\":\"Organization\",\"@id\":\"https:\\\/\\\/staging.streaty.com\\\/#organization\",\"name\":\"Streaty\",\"url\":\"https:\\\/\\\/staging.streaty.com\\\/\",\"logo\":{\"@type\":\"ImageObject\",\"inLanguage\":\"it-IT\",\"@id\":\"https:\\\/\\\/staging.streaty.com\\\/#\\\/schema\\\/logo\\\/image\\\/\",\"url\":\"https:\\\/\\\/streaty.com\\\/wp-content\\\/uploads\\\/2022\\\/08\\\/streaty.jpg\",\"contentUrl\":\"https:\\\/\\\/streaty.com\\\/wp-content\\\/uploads\\\/2022\\\/08\\\/streaty.jpg\",\"width\":564,\"height\":481,\"caption\":\"Streaty\"},\"image\":{\"@id\":\"https:\\\/\\\/staging.streaty.com\\\/#\\\/schema\\\/logo\\\/image\\\/\"},\"sameAs\":[\"https:\\\/\\\/www.facebook.com\\\/streatytours\\\/\",\"https:\\\/\\\/www.instagram.com\\\/streatytours\\\/\"]}]}<\/script>\n<!-- \/ Yoast SEO plugin. -->","yoast_head_json":{"title":"Pagamenti e resi - Streaty","robots":{"index":"noindex","follow":"follow","max-snippet":"max-snippet:-1","max-image-preview":"max-image-preview:large","max-video-preview":"max-video-preview:-1"},"og_locale":"it_IT","og_type":"article","og_title":"Pagamenti e resi - Streaty","og_url":"https:\/\/staging.streaty.com\/payments-and-refund\/","og_site_name":"Streaty","article_publisher":"https:\/\/www.facebook.com\/streatytours\/","article_modified_time":"2019-04-15T13:04:37+00:00","og_image":[{"width":1920,"height":450,"url":"https:\/\/staging.streaty.com\/wp-content\/uploads\/2019\/02\/terms.jpg","type":"image\/jpeg"}],"twitter_card":"summary_large_image","schema":{"@context":"https:\/\/schema.org","@graph":[{"@type":"WebPage","@id":"https:\/\/staging.streaty.com\/payments-and-refund\/","url":"https:\/\/staging.streaty.com\/payments-and-refund\/","name":"Pagamenti e resi - Streaty","isPartOf":{"@id":"https:\/\/staging.streaty.com\/#website"},"primaryImageOfPage":{"@id":"https:\/\/staging.streaty.com\/payments-and-refund\/#primaryimage"},"image":{"@id":"https:\/\/staging.streaty.com\/payments-and-refund\/#primaryimage"},"thumbnailUrl":"https:\/\/staging.streaty.com\/wp-content\/uploads\/2019\/02\/terms.jpg","datePublished":"2019-03-26T11:17:35+00:00","dateModified":"2019-04-15T13:04:37+00:00","inLanguage":"it-IT","potentialAction":[{"@type":"ReadAction","target":["https:\/\/staging.streaty.com\/payments-and-refund\/"]}]},{"@type":"ImageObject","inLanguage":"it-IT","@id":"https:\/\/staging.streaty.com\/payments-and-refund\/#primaryimage","url":"https:\/\/staging.streaty.com\/wp-content\/uploads\/2019\/02\/terms.jpg","contentUrl":"https:\/\/staging.streaty.com\/wp-content\/uploads\/2019\/02\/terms.jpg","width":1920,"height":450},{"@type":"WebSite","@id":"https:\/\/staging.streaty.com\/#website","url":"https:\/\/staging.streaty.com\/","name":"Streaty","description":"","publisher":{"@id":"https:\/\/staging.streaty.com\/#organization"},"potentialAction":[{"@type":"SearchAction","target":{"@type":"EntryPoint","urlTemplate":"https:\/\/staging.streaty.com\/?s={search_term_string}"},"query-input":{"@type":"PropertyValueSpecification","valueRequired":true,"valueName":"search_term_string"}}],"inLanguage":"it-IT"},{"@type":"Organization","@id":"https:\/\/staging.streaty.com\/#organization","name":"Streaty","url":"https:\/\/staging.streaty.com\/","logo":{"@type":"ImageObject","inLanguage":"it-IT","@id":"https:\/\/staging.streaty.com\/#\/schema\/logo\/image\/","url":"https:\/\/streaty.com\/wp-content\/uploads\/2022\/08\/streaty.jpg","contentUrl":"https:\/\/streaty.com\/wp-content\/uploads\/2022\/08\/streaty.jpg","width":564,"height":481,"caption":"Streaty"},"image":{"@id":"https:\/\/staging.streaty.com\/#\/schema\/logo\/image\/"},"sameAs":["https:\/\/www.facebook.com\/streatytours\/","https:\/\/www.instagram.com\/streatytours\/"]}]}},"_links":{"self":[{"href":"https:\/\/staging.streaty.com\/it\/wp-json\/wp\/v2\/pages\/3043","targetHints":{"allow":["GET"]}}],"collection":[{"href":"https:\/\/staging.streaty.com\/it\/wp-json\/wp\/v2\/pages"}],"about":[{"href":"https:\/\/staging.streaty.com\/it\/wp-json\/wp\/v2\/types\/page"}],"author":[{"embeddable":true,"href":"https:\/\/staging.streaty.com\/it\/wp-json\/wp\/v2\/users\/3"}],"replies":[{"embeddable":true,"href":"https:\/\/staging.streaty.com\/it\/wp-json\/wp\/v2\/comments?post=3043"}],"version-history":[{"count":5,"href":"https:\/\/staging.streaty.com\/it\/wp-json\/wp\/v2\/pages\/3043\/revisions"}],"predecessor-version":[{"id":3264,"href":"https:\/\/staging.streaty.com\/it\/wp-json\/wp\/v2\/pages\/3043\/revisions\/3264"}],"wp:featuredmedia":[{"embeddable":true,"href":"https:\/\/staging.streaty.com\/it\/wp-json\/wp\/v2\/media\/2906"}],"wp:attachment":[{"href":"https:\/\/staging.streaty.com\/it\/wp-json\/wp\/v2\/media?parent=3043"}],"curies":[{"name":"wp","href":"https:\/\/api.w.org\/{rel}","templated":true}]}}