{"id":48,"date":"2019-01-17T10:42:16","date_gmt":"2019-01-17T09:42:16","guid":{"rendered":"http:\/\/www.streaty.com\/?page_id=48"},"modified":"2019-03-25T15:32:10","modified_gmt":"2019-03-25T14:32:10","slug":"termini-e-condizioni","status":"publish","type":"page","link":"https:\/\/staging.streaty.com\/it\/termini-e-condizioni\/","title":{"rendered":"Termini e condizioni"},"content":{"rendered":"\n<p>CONTRATTO DI VENDITA DI SERVIZI TURISTICI<\/p>\n<p>\u00a0<\/p>\n<p><strong><u>INFORMAZIONI GENERALI<\/u><\/strong><\/p>\n<p>Le presenti condizioni generali formano parte integrante del contratto di vendita on-line stipulato tra l\u2019acquirente, che di seguito verr\u00e0 definito \u201cCliente\u201d, e la societ\u00e0 Streaty Tours s.r.l.s. e ne regolano le fasi preliminari, la conclusione e l\u2019esecuzione.<\/p>\n<p>Spuntando la casella \u201cAccetto i termini e le Condizioni\u201d durante la procedura di acquisto on-line, il Cliente accetta tutte le condizioni contrattuali proposte e di seguito riportate. In mancanza di tale espressa accettazione delle Condizioni Generali e della Privacy Policy non sar\u00e0 possibile completare la procedura di acquisto on-line.<\/p>\n<p>Streaty Tours s.r.l.s. si riserva il diritto di modificare le Condizioni Generali in qualunque momento e senza alcun preavviso. In ogni caso, le modifiche non avranno valore nei confronti degli ordini di acquisto ricevuti e conclusi prima della pubblicazione delle modifiche sul sito internet.<\/p>\n<p>Con l\u2019accettazione delle Condizioni Generali e con l\u2019invio dell\u2019ordine di acquisto, il Cliente esprime il consenso affinch\u00e9 tutte le comunicazioni vengano inviate e ricevute tramite posta elettronica. Il Cliente sar\u00e0, inoltre, responsabile della correttezza dell\u2019indirizzo di posta elettronica fornito e di tutte le informazioni inserite nell\u2019ordine di acquisto.<\/p>\n<p>Il presente accordo \u00e8 disciplinato dal D. Lgs. 206\/2005 (Codice del Consumo), dal D. Lgs. 79\/2011 (Codice del Turismo) e dal D. Lgs. 70\/2003 inerente il commercio elettronico e, in ogni caso, dalle leggi dell\u2019ordinamento giuridico italiano.<\/p>\n<p>Per qualunque domanda inerente le Condizioni Generali di Vendita, reclami, garanzie, privacy, comunicazione di recesso, annullamento, rimborso e garanzie il Cliente dovr\u00e0 contattare:<\/p>\n<p>Streaty Tours s.r.l.s.<\/p>\n<p>Via Principe Di Belmonte, 93<\/p>\n<p>90139 &#8211; Palermo<\/p>\n<p>numero di telefono: +39 351. 5133552<\/p>\n<p>e-mail: i&#110;&#102;&#111;&#x40;&#x77;&#x77;w&#46;&#115;&#116;&#x72;&#x65;&#x61;&#x74;y&#46;&#99;&#111;&#x6d;<\/p>\n<p>\u00a0<\/p>\n<p><strong><u>CONTRATTO DI VENDITA DI SINGOLI SERVIZI TURISTICI<\/u><\/strong><\/p>\n<p>Le presenti norme contrattuali si applicano all\u2019offerta di singoli servizi turistici che non possono qualificarsi come pacchetto turistico.<\/p>\n<p><strong>OGGETTO DEL CONTRATTO E SERVIZI OFFERTI<\/strong><\/p>\n<p>Streaty Tours srls fornisce anche servizi turistici singoli. Il \u201c<em>core business\u201d<\/em> di Streaty Tours srls \u00e8 rappresentato da tour gastronomici guidati. Nello specifico, Streaty Tours Srls, propone passeggiate di gruppo ideate per turisti e condotte da guide turistiche regolarmente abilitate alla professione. I tour si svolgono in contesti urbani (centri storici cittadini) e includono, oltre al servizio classico di guida turistica, anche degustazioni di piatti tipici regionali.<\/p>\n<p><strong>CONCLUSIONE DEL CONTRATTO<\/strong><\/p>\n<p>Le pubblicazioni di informazioni e servizi attraverso il sito web <em>www.streaty.com<\/em> non costituiscono un\u2019offerta vincolante ai sensi dell\u2019art. 1336 c.c.<\/p>\n<p>Inviando l\u2019ordine d\u2019acquisto del servizio turistico scelto, il Cliente dichiara di aver accettato integralmente le presenti Condizioni Generali di Vendita e di aver preso visione di tutte le informazioni contenute nella \u201cT<u>our Policy<\/u>\u201d presente nella pagina di descrizione di ogni singolo tour. Il contratto di compravendita di ogni singolo tour si intender\u00e0 concluso tra le Parti nel momento in cui il Cliente ricever\u00e0 la mail di conferma d\u2019ordine da parte del Venditore contenente il riepilogo dell\u2019ordine di acquisto effettuato dal Cliente e, in ogni caso, presuppone l\u2019avvenuto pagamento del servizio acquistato.<\/p>\n<p><strong>ORDINE DI ACQUISTO E CONFERMA D\u2019ORDINE DEI SERVIZI TURISTICI<\/strong><\/p>\n<p>Per l\u2019acquisto dei Tours il Cliente dovr\u00e0 compilare e inviare il modulo d\u2019ordine in formato elettronico, seguendo gli \u201cstep\u201d e le istruzioni contenute nel sito. Il Cliente dovr\u00e0 aggiungere il prodotto al \u201cCarrello\u201d, inserire i dati richiesti e, dopo aver preso visione delle Condizioni di Vendita e della Privacy Policy e confermato la loro accettazione, dovr\u00e0 selezionare la modalit\u00e0 di pagamento desiderata e confermare l\u2019ordine. L\u2019importo visualizzato dal Cliente in questa ultima fase costituir\u00e0 l&#8217;importo complessivo dovuto in relazione all&#8217;Ordine che si sta per effettuare.<\/p>\n<p>Durante tutta la fase di inserimento dei dati e prima dell\u2019invio dell\u2019ordine di acquisto, il Cliente potr\u00e0 individuare e correggere eventuali errori d\u2019inserimento dei dati. Se il Cliente dopo l\u2019invio dell\u2019ordine di acquisto si accorge di avere inserito dei dati errati, contatter\u00e0 tempestivamente Streaty Tours srls che potr\u00e0 intervenire rettificando i dati come da nuove indicazioni fornite dal Cliente. Una volta ricevuto l\u2019ordine di acquisto, Streaty Tours srls invier\u00e0 una e-mail di conferma ordine.<\/p>\n<p><strong>PAGAMENTI<\/strong><\/p>\n<p>Il pagamento dei servizi turistici scelti potr\u00e0 essere eseguito mediante uno dei seguenti sistemi:<\/p>\n<p>&#8211; PayPal<\/p>\n<p>&#8211; Carta di Credito<\/p>\n<p>&#8211; Bonifico bancario<\/p>\n<p>Ai pagamenti effettuati con carte di credito e PayPal non vengono applicate commissioni. Streaty Tour srls, nel proprio sito web, non utilizza opzioni prestabilite che il Cliente consumatore deve rifiutare per evitare il pagamento di commissioni o costi supplementari.<\/p>\n<p>Streaty Tours srls pu\u00f2 in qualunque momento aggiungere, eliminare o sospendere uno o pi\u00f9 metodi di pagamento, in ogni caso i metodi di pagamento utilizzabili di volta in volta sono quelli che compaiono al <em>checkout.<\/em><\/p>\n<p><strong>ACCESSIBILITA\u2019 AL TOUR GASTRONOMICO<\/strong><\/p>\n<p>Il tour non \u00e8 accessibile a persone in sedia a rotelle e\/o comunque a persone con mobilit\u00e0 ridotta. I posti a sedere non sono mai garantiti durante il tour. L\u2019offerta gastronomica non \u00e8 adatta ai vegani, celiaci ed allergici ai latticini.<\/p>\n<p><strong>PUNTO D\u2019INCONTRO E POLITICA D\u2019ATTESA<\/strong><\/p>\n<p>Dopo avere effettuato l\u2019acquisto del servizio turistico, Streaty Tours srls comunicher\u00e0 al Cliente il \u201cpunto d\u2019incontro\u201d da dove partir\u00e0 il Tour. Le guide di Streaty attenderanno gli eventuali ritardatari per un massimo di dieci minuti, trascorsi i quali, il tour avr\u00e0 inizio e non sar\u00e0 garantita una seconda <em>chance<\/em> per raggiungere il gruppo. In caso di ritardi, non \u00e8 prevista alcuna forma di rimborso, n\u00e9 di risarcimento.<\/p>\n<p><strong>RECESSO E SOSTITUZIONI<\/strong><\/p>\n<p>Il Cliente consumatore pu\u00f2 recedere dall\u2019acquisto del servizio turistico fino a tre giorni prima del tour senza penali e senza dovere indicare alcuna motivazione. Oltrepassato detto termine il Cliente consumatore perde il diritto di recedere dal servizio acquistato e l\u2019importo pagato al momento dell\u2019acquisto sar\u00e0 interamente trattenuto quale penale di cancellazione da Streaty Tours srls. I servizi turistici acquistati a meno di tre giorni dalla loro esecuzione escludono qualsiasi possibilit\u00e0 di recesso o cancellazione.<\/p>\n<p>Nel caso di esercizio del diritto di recesso, Streaty Tours srls effettuer\u00e0 il rimborso sullo stesso mezzo di pagamento usato dal consumatore e, ove ci\u00f2 non fosse possibile, il consumatore sar\u00e0 invitato da Streaty Tours srls a fornire un diverso mezzo abilitato a ricevere il rimborso.<\/p>\n<p>Al Cliente professionista non \u00e8 consentito recedere dal servizio acquistato.<\/p>\n<p>Il Cliente consumatore o professionista che acquista un servizio turistico per se e\/o per altri soggetti pu\u00f2 sostituire uno o pi\u00f9 soggetti con altri entro tre giorni dall\u2019esecuzione del tour. A meno di tre giorni dall\u2019esecuzione del tour gastronomico scelto non \u00e8 possibile effettuare alcuna sostituzione dei soggetti partecipanti.\u00a0 \u00a0<\/p>\n<p><strong>LIMITAZIONI DI RESPONSABILITA\u2019 E INFORMAZIONI UTILI<\/strong><\/p>\n<p>le degustazioni si effettuano presso ambulanti di strada, taverne, friggitorie e rosticcerie a conduzione familiare. Streaty Tours srls non \u00e8 responsabile per la qualit\u00e0 del cibo e delle bevande offerte durante l\u2019itinerario. I fornitori di cibo e bevande sono i soli responsabili in materia di preparazione, conservazione e vendita dei prodotti alimentari. Il Cliente \u00e8 consapevole che non \u00e8 dovere n\u00e9 responsabilit\u00e0 di Streaty supervisionare il rispetto degli standard di legge legati alla manipolazione, conservazione e vendita del cibo.<\/p>\n<p>Il Cliente, acquistando il tour gastronomico, viene informato ed \u00e8 pertanto consapevole che: Il cibo di strada italiano \u00e8 in gran parte fritto; alcune specialit\u00e0 di strada contengono interiora di vitello; la quasi totalit\u00e0 del cibo contiene glutine e\/o latticini; Il cibo di strada si consuma con mani e tovaglioli (no posate).<\/p>\n<p>Il Cliente \u00e8 altres\u00ec consapevole che per partecipare al Tour gastronomico \u00e8 obbligato a segnalare allo staff di Streaty Tours srls qualunque intolleranza o allergia alimentare.<\/p>\n<p>Accettando le presenti condizioni contrattuali il Cliente dichiara di sollevare Streaty Tours srls, il suo staff e le sue guide, da ogni responsabilit\u00e0 per eventuali infortuni, furti, smarrimento oggetti personali, malattie o morte, verificatesi durante il tour o insorte in seguito alla partecipazione ad esso.<\/p>\n<p><strong>ODR<\/strong><\/p>\n<p>La piattaforma ODR costituisce un punto di accesso per gli utenti che desiderano risolvere in ambito extragiudiziale le controversie derivanti dai contratti di vendita o di servizi online. In ottemperanza alla normativa vigente, Streaty Tours srls evidenzia al Cliente che la Commissione Europea fornisce una piattaforma per la risoluzione delle controversie on line, raggiungibile tramite il link:<\/p>\n<p><a href=\"http:\/\/ec.europa.eu\/consumers\/odr\">http:\/\/ec.europa.eu\/consumers\/odr<\/a>.<\/p>\n<p>L\u2019indirizzo PEC di Streaty Tours srls che il Cliente dovr\u00e0 fornire all\u2019organismo di conciliazione per istruire la pratica \u00e8 &#x73;&#x74;&#x72;&#x65;&#x61;&#116;&#121;&#116;&#111;urs&#x40;&#x70;&#x65;&#x63;&#x2e;&#x69;&#116;.<\/p>\n<p><strong>LEGGE APPLICABILE E FORO COMPETENTE<\/strong><\/p>\n<p>Le parti dichiarano di scegliere quale legge applicabile al contratto ed alle obbligazioni dallo stesso nascenti quella della Repubblica Italiana, alla quale fanno integrale rinvio per quanto non espressamente disposto nel presente contratto.<\/p>\n<p>Le controversie civili tra Streaty Tours srls ed il Cliente consumatore relative all\u2019applicazione, interpretazione ed esecuzione dei contratti di compravendita stipulati on-line attraverso il sito www.streaty.com sono sottoposte a competenza territoriale inderogabile che individua quale Giudice competente quello del luogo di residenza o domicilio del cliente consumatore.<\/p>\n<p>Per le controversie civili tra Streaty Tours srls ed il Cliente professionista in relazione all\u2019interpretazione, esecuzione o risoluzione del presente contratto e degli obblighi o responsabilit\u00e0 da esso nascenti sar\u00e0 competente, in via esclusiva, il Foro di Palermo e ci\u00f2 non solo in deroga all\u2019ordinaria competenza territoriale ma anche con la volont\u00e0 di esclusione dei Fori facoltativi per le cause relative a diritti di obbligazione. Il Foro di Palermo non potr\u00e0 subire mutamenti neanche per ragioni di connessione o continenza di lite.<\/p>\n<p>Ultima versione del 22\/03\/2019<\/p>\n","protected":false},"excerpt":{"rendered":"","protected":false},"author":3,"featured_media":2906,"parent":0,"menu_order":0,"comment_status":"closed","ping_status":"closed","template":"","meta":{"footnotes":""},"class_list":["post-48","page","type-page","status-publish","has-post-thumbnail","hentry"],"featured_image_src":"https:\/\/staging.streaty.com\/wp-content\/uploads\/2019\/02\/terms.jpg","yoast_head":"<!-- This site is optimized with the Yoast SEO plugin v27.3 - https:\/\/yoast.com\/product\/yoast-seo-wordpress\/ -->\n<title>Termini e condizioni - Streaty<\/title>\n<meta name=\"robots\" content=\"noindex, follow, max-snippet:-1, max-image-preview:large, max-video-preview:-1\" \/>\n<meta property=\"og:locale\" content=\"it_IT\" \/>\n<meta property=\"og:type\" content=\"article\" \/>\n<meta property=\"og:title\" content=\"Termini e condizioni - Streaty\" \/>\n<meta property=\"og:url\" content=\"https:\/\/staging.streaty.com\/terms-conditions\/\" \/>\n<meta property=\"og:site_name\" content=\"Streaty\" \/>\n<meta property=\"article:publisher\" content=\"https:\/\/www.facebook.com\/streatytours\/\" \/>\n<meta property=\"article:modified_time\" content=\"2019-03-25T14:32:10+00:00\" \/>\n<meta property=\"og:image\" content=\"https:\/\/staging.streaty.com\/wp-content\/uploads\/2019\/02\/terms.jpg\" \/>\n\t<meta property=\"og:image:width\" content=\"1920\" \/>\n\t<meta property=\"og:image:height\" content=\"450\" \/>\n\t<meta property=\"og:image:type\" content=\"image\/jpeg\" \/>\n<meta name=\"twitter:card\" content=\"summary_large_image\" \/>\n<script type=\"application\/ld+json\" class=\"yoast-schema-graph\">{\"@context\":\"https:\\\/\\\/schema.org\",\"@graph\":[{\"@type\":\"WebPage\",\"@id\":\"https:\\\/\\\/staging.streaty.com\\\/terms-conditions\\\/\",\"url\":\"https:\\\/\\\/staging.streaty.com\\\/terms-conditions\\\/\",\"name\":\"Termini e condizioni - Streaty\",\"isPartOf\":{\"@id\":\"https:\\\/\\\/staging.streaty.com\\\/#website\"},\"primaryImageOfPage\":{\"@id\":\"https:\\\/\\\/staging.streaty.com\\\/terms-conditions\\\/#primaryimage\"},\"image\":{\"@id\":\"https:\\\/\\\/staging.streaty.com\\\/terms-conditions\\\/#primaryimage\"},\"thumbnailUrl\":\"https:\\\/\\\/staging.streaty.com\\\/wp-content\\\/uploads\\\/2019\\\/02\\\/terms.jpg\",\"datePublished\":\"2019-01-17T09:42:16+00:00\",\"dateModified\":\"2019-03-25T14:32:10+00:00\",\"inLanguage\":\"it-IT\",\"potentialAction\":[{\"@type\":\"ReadAction\",\"target\":[\"https:\\\/\\\/staging.streaty.com\\\/terms-conditions\\\/\"]}]},{\"@type\":\"ImageObject\",\"inLanguage\":\"it-IT\",\"@id\":\"https:\\\/\\\/staging.streaty.com\\\/terms-conditions\\\/#primaryimage\",\"url\":\"https:\\\/\\\/staging.streaty.com\\\/wp-content\\\/uploads\\\/2019\\\/02\\\/terms.jpg\",\"contentUrl\":\"https:\\\/\\\/staging.streaty.com\\\/wp-content\\\/uploads\\\/2019\\\/02\\\/terms.jpg\",\"width\":1920,\"height\":450},{\"@type\":\"WebSite\",\"@id\":\"https:\\\/\\\/staging.streaty.com\\\/#website\",\"url\":\"https:\\\/\\\/staging.streaty.com\\\/\",\"name\":\"Streaty\",\"description\":\"\",\"publisher\":{\"@id\":\"https:\\\/\\\/staging.streaty.com\\\/#organization\"},\"potentialAction\":[{\"@type\":\"SearchAction\",\"target\":{\"@type\":\"EntryPoint\",\"urlTemplate\":\"https:\\\/\\\/staging.streaty.com\\\/?s={search_term_string}\"},\"query-input\":{\"@type\":\"PropertyValueSpecification\",\"valueRequired\":true,\"valueName\":\"search_term_string\"}}],\"inLanguage\":\"it-IT\"},{\"@type\":\"Organization\",\"@id\":\"https:\\\/\\\/staging.streaty.com\\\/#organization\",\"name\":\"Streaty\",\"url\":\"https:\\\/\\\/staging.streaty.com\\\/\",\"logo\":{\"@type\":\"ImageObject\",\"inLanguage\":\"it-IT\",\"@id\":\"https:\\\/\\\/staging.streaty.com\\\/#\\\/schema\\\/logo\\\/image\\\/\",\"url\":\"https:\\\/\\\/streaty.com\\\/wp-content\\\/uploads\\\/2022\\\/08\\\/streaty.jpg\",\"contentUrl\":\"https:\\\/\\\/streaty.com\\\/wp-content\\\/uploads\\\/2022\\\/08\\\/streaty.jpg\",\"width\":564,\"height\":481,\"caption\":\"Streaty\"},\"image\":{\"@id\":\"https:\\\/\\\/staging.streaty.com\\\/#\\\/schema\\\/logo\\\/image\\\/\"},\"sameAs\":[\"https:\\\/\\\/www.facebook.com\\\/streatytours\\\/\",\"https:\\\/\\\/www.instagram.com\\\/streatytours\\\/\"]}]}<\/script>\n<!-- \/ Yoast SEO plugin. -->","yoast_head_json":{"title":"Termini e condizioni - Streaty","robots":{"index":"noindex","follow":"follow","max-snippet":"max-snippet:-1","max-image-preview":"max-image-preview:large","max-video-preview":"max-video-preview:-1"},"og_locale":"it_IT","og_type":"article","og_title":"Termini e condizioni - Streaty","og_url":"https:\/\/staging.streaty.com\/terms-conditions\/","og_site_name":"Streaty","article_publisher":"https:\/\/www.facebook.com\/streatytours\/","article_modified_time":"2019-03-25T14:32:10+00:00","og_image":[{"width":1920,"height":450,"url":"https:\/\/staging.streaty.com\/wp-content\/uploads\/2019\/02\/terms.jpg","type":"image\/jpeg"}],"twitter_card":"summary_large_image","schema":{"@context":"https:\/\/schema.org","@graph":[{"@type":"WebPage","@id":"https:\/\/staging.streaty.com\/terms-conditions\/","url":"https:\/\/staging.streaty.com\/terms-conditions\/","name":"Termini e condizioni - Streaty","isPartOf":{"@id":"https:\/\/staging.streaty.com\/#website"},"primaryImageOfPage":{"@id":"https:\/\/staging.streaty.com\/terms-conditions\/#primaryimage"},"image":{"@id":"https:\/\/staging.streaty.com\/terms-conditions\/#primaryimage"},"thumbnailUrl":"https:\/\/staging.streaty.com\/wp-content\/uploads\/2019\/02\/terms.jpg","datePublished":"2019-01-17T09:42:16+00:00","dateModified":"2019-03-25T14:32:10+00:00","inLanguage":"it-IT","potentialAction":[{"@type":"ReadAction","target":["https:\/\/staging.streaty.com\/terms-conditions\/"]}]},{"@type":"ImageObject","inLanguage":"it-IT","@id":"https:\/\/staging.streaty.com\/terms-conditions\/#primaryimage","url":"https:\/\/staging.streaty.com\/wp-content\/uploads\/2019\/02\/terms.jpg","contentUrl":"https:\/\/staging.streaty.com\/wp-content\/uploads\/2019\/02\/terms.jpg","width":1920,"height":450},{"@type":"WebSite","@id":"https:\/\/staging.streaty.com\/#website","url":"https:\/\/staging.streaty.com\/","name":"Streaty","description":"","publisher":{"@id":"https:\/\/staging.streaty.com\/#organization"},"potentialAction":[{"@type":"SearchAction","target":{"@type":"EntryPoint","urlTemplate":"https:\/\/staging.streaty.com\/?s={search_term_string}"},"query-input":{"@type":"PropertyValueSpecification","valueRequired":true,"valueName":"search_term_string"}}],"inLanguage":"it-IT"},{"@type":"Organization","@id":"https:\/\/staging.streaty.com\/#organization","name":"Streaty","url":"https:\/\/staging.streaty.com\/","logo":{"@type":"ImageObject","inLanguage":"it-IT","@id":"https:\/\/staging.streaty.com\/#\/schema\/logo\/image\/","url":"https:\/\/streaty.com\/wp-content\/uploads\/2022\/08\/streaty.jpg","contentUrl":"https:\/\/streaty.com\/wp-content\/uploads\/2022\/08\/streaty.jpg","width":564,"height":481,"caption":"Streaty"},"image":{"@id":"https:\/\/staging.streaty.com\/#\/schema\/logo\/image\/"},"sameAs":["https:\/\/www.facebook.com\/streatytours\/","https:\/\/www.instagram.com\/streatytours\/"]}]}},"_links":{"self":[{"href":"https:\/\/staging.streaty.com\/it\/wp-json\/wp\/v2\/pages\/48","targetHints":{"allow":["GET"]}}],"collection":[{"href":"https:\/\/staging.streaty.com\/it\/wp-json\/wp\/v2\/pages"}],"about":[{"href":"https:\/\/staging.streaty.com\/it\/wp-json\/wp\/v2\/types\/page"}],"author":[{"embeddable":true,"href":"https:\/\/staging.streaty.com\/it\/wp-json\/wp\/v2\/users\/3"}],"replies":[{"embeddable":true,"href":"https:\/\/staging.streaty.com\/it\/wp-json\/wp\/v2\/comments?post=48"}],"version-history":[{"count":6,"href":"https:\/\/staging.streaty.com\/it\/wp-json\/wp\/v2\/pages\/48\/revisions"}],"predecessor-version":[{"id":3037,"href":"https:\/\/staging.streaty.com\/it\/wp-json\/wp\/v2\/pages\/48\/revisions\/3037"}],"wp:featuredmedia":[{"embeddable":true,"href":"https:\/\/staging.streaty.com\/it\/wp-json\/wp\/v2\/media\/2906"}],"wp:attachment":[{"href":"https:\/\/staging.streaty.com\/it\/wp-json\/wp\/v2\/media?parent=48"}],"curies":[{"name":"wp","href":"https:\/\/api.w.org\/{rel}","templated":true}]}}